{"id":639,"date":"2025-09-19T19:55:17","date_gmt":"2025-09-19T19:55:17","guid":{"rendered":"https:\/\/freetours.ro\/?page_id=639"},"modified":"2025-09-19T20:01:53","modified_gmt":"2025-09-19T20:01:53","slug":"legal-info","status":"publish","type":"page","link":"https:\/\/freetours.ro\/en\/legal-info\/","title":{"rendered":"Legal Info"},"content":{"rendered":"<div data-elementor-type=\"wp-page\" data-elementor-id=\"639\" class=\"elementor elementor-639\">\n\t\t\t\t<div class=\"elementor-element elementor-element-2a3384f e-flex e-con-boxed wpr-particle-no wpr-jarallax-no wpr-parallax-no wpr-sticky-section-no wpr-column-slider-no wpr-equal-height-no e-con e-parent\" data-id=\"2a3384f\" data-element_type=\"container\" data-e-type=\"container\" data-settings=\"{&quot;background_background&quot;:&quot;gradient&quot;}\">\n\t\t\t\t\t<div class=\"e-con-inner\">\n\t\t\t\t<div class=\"elementor-element elementor-element-ebf58ea elementor-widget elementor-widget-spacer\" data-id=\"ebf58ea\" data-element_type=\"widget\" data-e-type=\"widget\" data-widget_type=\"spacer.default\">\n\t\t\t\t\t\t\t<div class=\"elementor-spacer\">\n\t\t\t<div class=\"elementor-spacer-inner\"><\/div>\n\t\t<\/div>\n\t\t\t\t\t\t<\/div>\n\t\t\t\t<div class=\"elementor-element elementor-element-e81ecc5 premium-header-inline premium-lq__none premium-box-lq__none elementor-invisible elementor-widget elementor-widget-premium-addon-dual-header\" data-id=\"e81ecc5\" data-element_type=\"widget\" data-e-type=\"widget\" data-settings=\"{&quot;_animation&quot;:&quot;fadeIn&quot;}\" data-widget_type=\"premium-addon-dual-header.default\">\n\t\t\t\t\t\n\t\t<div class=\"elementor-widget-container\">\n\t\t<div class=\"premium-dual-header-wrapper\">\n\t\t\t\t\t<h2 class=\"premium-dual-header-first-header\"><span class=\"premium-dual-header-first-span\">LEGAL <\/span><span class=\"premium-dual-header-second-header\">INFO<\/span><\/h2> \t\t\t\t\t\t<\/div>\n\t\t<\/div>\n\n\t\t\t\t\t\t<\/div>\n\t\t\t\t<div class=\"elementor-element elementor-element-e3f681c elementor-invisible elementor-widget elementor-widget-text-editor\" data-id=\"e3f681c\" data-element_type=\"widget\" data-e-type=\"widget\" data-settings=\"{&quot;_animation&quot;:&quot;fadeInLeft&quot;}\" data-widget_type=\"text-editor.default\">\n\t\t\t\t\t\t\t\t\t<p><strong>FreeTours.ro is operated by the Alternative Tourism Association.<\/strong><\/p>\n<p><span data-huuid=\"17857644503321800683\">The Alternative Tourism Association is a legal entity under private law,<br><\/span><span data-huuid=\"17857644503321800683\" style=\"background-color: transparent; font-size: 1rem;\">with non-patrimonial purposes, which operates on the basis of the No 26\/2000 Ordinance <br>regarding <\/span><span data-huuid=\"17857644503321798736\" style=\"background-color: transparent; font-size: 1rem;\">associations and foundations.<\/span><\/p>\n<p><strong>ALTERNATIVE TOURISM ASSOCIATION<\/strong><br>310456 Arad<br>Ulmului street No.17, Arad, Arad county, Romania <br>Tel. +40724362434<br>C.I.F.: 35095747<br>R.N.P.J.F.S.P.: 20995\/A\/2015<br>IBAN: RO88RNCB0016147635060001 RON<br>Banca Comercial\u0103 Rom\u00e2n\u0103, Filiala Arad<\/p>\n<p><a href=\"https:\/\/freetours.ro\/wp-content\/uploads\/2025\/09\/ATA-logo-slogan-EN-GIF-.gif\" target=\"_blank\" rel=\"noopener\"><strong>www.turismalternativ.ro<\/strong><\/a><\/p>\t\t\t\t\t\t\t\t<\/div>\n\t\t\t\t\t<\/div>\n\t\t\t\t<\/div>\n\t\t\t\t<\/div>","protected":false},"excerpt":{"rendered":"<p>INFORMA\u021aII LEGALE FreeTours.ro este operat de Asocia\u021bia Turism Alternativ. Asocia\u021bia Turism Alternativ este o persoan\u0103 juridic\u0103 de drept privat,cu scop nepatrimonial, care func\u021bioneaz\u0103 pe baza Ordonan\u021bei nr. 26\/2000 privind asocia\u021biile \u0219i funda\u021biile. ASOCIA\u0162IA TURISM ALTERNATIV310456 Aradstr. Ulmului, nr. 17, jud. Arad, Rom\u00e2nia. Tel. +40724362434C.I.F.: 35095747R.N.P.J.F.S.P.: 20995\/A\/2015IBAN: RO88RNCB0016147635060001 RONBanca Comercial\u0103 Rom\u00e2n\u0103, Filiala Arad www.turismalternativ.ro<\/p>","protected":false},"author":1,"featured_media":0,"parent":0,"menu_order":0,"comment_status":"closed","ping_status":"closed","template":"elementor_header_footer","meta":{"nf_dc_page":"","om_disable_all_campaigns":false,"_monsterinsights_skip_tracking":false,"_monsterinsights_sitenote_active":false,"_monsterinsights_sitenote_note":"","_monsterinsights_sitenote_category":0,"postBodyCss":"","postBodyMargin":[],"postBodyPadding":[],"postBodyBackground":{"backgroundType":"classic","gradient":""},"footnotes":""},"class_list":["post-639","page","type-page","status-publish","hentry"],"yoast_head":"<!-- This site is optimized with the Yoast SEO plugin v27.6 - https:\/\/yoast.com\/product\/yoast-seo-wordpress\/ -->\n<title>Legal Info - FreeTours.ro<\/title>\n<meta name=\"robots\" content=\"index, follow, max-snippet:-1, max-image-preview:large, max-video-preview:-1\" \/>\n<link rel=\"canonical\" href=\"https:\/\/freetours.ro\/en\/legal-info\/\" \/>\n<meta property=\"og:locale\" content=\"en_GB\" \/>\n<meta property=\"og:type\" content=\"article\" \/>\n<meta property=\"og:title\" content=\"Legal Info - FreeTours.ro\" \/>\n<meta property=\"og:description\" content=\"INFORMA\u021aII LEGALE FreeTours.ro este operat de Asocia\u021bia Turism Alternativ. Asocia\u021bia Turism Alternativ este o persoan\u0103 juridic\u0103 de drept privat,cu scop nepatrimonial, care func\u021bioneaz\u0103 pe baza Ordonan\u021bei nr. 26\/2000 privind asocia\u021biile \u0219i funda\u021biile. ASOCIA\u0162IA TURISM ALTERNATIV310456 Aradstr. Ulmului, nr. 17, jud. Arad, Rom\u00e2nia. Tel. +40724362434C.I.F.: 35095747R.N.P.J.F.S.P.: 20995\/A\/2015IBAN: RO88RNCB0016147635060001 RONBanca Comercial\u0103 Rom\u00e2n\u0103, Filiala Arad www.turismalternativ.ro\" \/>\n<meta property=\"og:url\" content=\"https:\/\/freetours.ro\/en\/legal-info\/\" \/>\n<meta property=\"og:site_name\" content=\"FreeTours.ro\" \/>\n<meta property=\"article:modified_time\" content=\"2025-09-19T20:01:53+00:00\" \/>\n<meta name=\"twitter:card\" content=\"summary_large_image\" \/>\n<meta name=\"twitter:label1\" content=\"Estimated reading time\" \/>\n\t<meta name=\"twitter:data1\" content=\"1 minute\" \/>\n<script type=\"application\/ld+json\" class=\"yoast-schema-graph\">{\"@context\":\"https:\\\/\\\/schema.org\",\"@graph\":[{\"@type\":\"WebPage\",\"@id\":\"https:\\\/\\\/freetours.ro\\\/legal-info\\\/\",\"url\":\"https:\\\/\\\/freetours.ro\\\/legal-info\\\/\",\"name\":\"Legal Info - FreeTours.ro\",\"isPartOf\":{\"@id\":\"https:\\\/\\\/freetours.ro\\\/#website\"},\"datePublished\":\"2025-09-19T19:55:17+00:00\",\"dateModified\":\"2025-09-19T20:01:53+00:00\",\"breadcrumb\":{\"@id\":\"https:\\\/\\\/freetours.ro\\\/legal-info\\\/#breadcrumb\"},\"inLanguage\":\"en-GB\",\"potentialAction\":[{\"@type\":\"ReadAction\",\"target\":[\"https:\\\/\\\/freetours.ro\\\/legal-info\\\/\"]}]},{\"@type\":\"BreadcrumbList\",\"@id\":\"https:\\\/\\\/freetours.ro\\\/legal-info\\\/#breadcrumb\",\"itemListElement\":[{\"@type\":\"ListItem\",\"position\":1,\"name\":\"Home\",\"item\":\"https:\\\/\\\/freetours.ro\\\/\"},{\"@type\":\"ListItem\",\"position\":2,\"name\":\"Legal Info\"}]},{\"@type\":\"WebSite\",\"@id\":\"https:\\\/\\\/freetours.ro\\\/#website\",\"url\":\"https:\\\/\\\/freetours.ro\\\/\",\"name\":\"FreeTours.ro\",\"description\":\"Alternative tourism with local guides\",\"publisher\":{\"@id\":\"https:\\\/\\\/freetours.ro\\\/#organization\"},\"potentialAction\":[{\"@type\":\"SearchAction\",\"target\":{\"@type\":\"EntryPoint\",\"urlTemplate\":\"https:\\\/\\\/freetours.ro\\\/?s={search_term_string}\"},\"query-input\":{\"@type\":\"PropertyValueSpecification\",\"valueRequired\":true,\"valueName\":\"search_term_string\"}}],\"inLanguage\":\"en-GB\"},{\"@type\":\"Organization\",\"@id\":\"https:\\\/\\\/freetours.ro\\\/#organization\",\"name\":\"FreeTours.ro\",\"url\":\"https:\\\/\\\/freetours.ro\\\/\",\"logo\":{\"@type\":\"ImageObject\",\"inLanguage\":\"en-GB\",\"@id\":\"https:\\\/\\\/freetours.ro\\\/#\\\/schema\\\/logo\\\/image\\\/\",\"url\":\"https:\\\/\\\/i0.wp.com\\\/freetours.ro\\\/wp-content\\\/uploads\\\/2025\\\/09\\\/Logo-albastru-scaled.jpg?fit=2560%2C1810&ssl=1\",\"contentUrl\":\"https:\\\/\\\/i0.wp.com\\\/freetours.ro\\\/wp-content\\\/uploads\\\/2025\\\/09\\\/Logo-albastru-scaled.jpg?fit=2560%2C1810&ssl=1\",\"width\":2560,\"height\":1810,\"caption\":\"FreeTours.ro\"},\"image\":{\"@id\":\"https:\\\/\\\/freetours.ro\\\/#\\\/schema\\\/logo\\\/image\\\/\"}}]}<\/script>\n<!-- \/ Yoast SEO plugin. -->","yoast_head_json":{"title":"Legal Info - FreeTours.ro","robots":{"index":"index","follow":"follow","max-snippet":"max-snippet:-1","max-image-preview":"max-image-preview:large","max-video-preview":"max-video-preview:-1"},"canonical":"https:\/\/freetours.ro\/en\/legal-info\/","og_locale":"en_GB","og_type":"article","og_title":"Legal Info - FreeTours.ro","og_description":"INFORMA\u021aII LEGALE FreeTours.ro este operat de Asocia\u021bia Turism Alternativ. Asocia\u021bia Turism Alternativ este o persoan\u0103 juridic\u0103 de drept privat,cu scop nepatrimonial, care func\u021bioneaz\u0103 pe baza Ordonan\u021bei nr. 26\/2000 privind asocia\u021biile \u0219i funda\u021biile. ASOCIA\u0162IA TURISM ALTERNATIV310456 Aradstr. Ulmului, nr. 17, jud. Arad, Rom\u00e2nia. Tel. +40724362434C.I.F.: 35095747R.N.P.J.F.S.P.: 20995\/A\/2015IBAN: RO88RNCB0016147635060001 RONBanca Comercial\u0103 Rom\u00e2n\u0103, Filiala Arad www.turismalternativ.ro","og_url":"https:\/\/freetours.ro\/en\/legal-info\/","og_site_name":"FreeTours.ro","article_modified_time":"2025-09-19T20:01:53+00:00","twitter_card":"summary_large_image","twitter_misc":{"Estimated reading time":"1 minute"},"schema":{"@context":"https:\/\/schema.org","@graph":[{"@type":"WebPage","@id":"https:\/\/freetours.ro\/legal-info\/","url":"https:\/\/freetours.ro\/legal-info\/","name":"Legal Info - FreeTours.ro","isPartOf":{"@id":"https:\/\/freetours.ro\/#website"},"datePublished":"2025-09-19T19:55:17+00:00","dateModified":"2025-09-19T20:01:53+00:00","breadcrumb":{"@id":"https:\/\/freetours.ro\/legal-info\/#breadcrumb"},"inLanguage":"en-GB","potentialAction":[{"@type":"ReadAction","target":["https:\/\/freetours.ro\/legal-info\/"]}]},{"@type":"BreadcrumbList","@id":"https:\/\/freetours.ro\/legal-info\/#breadcrumb","itemListElement":[{"@type":"ListItem","position":1,"name":"Home","item":"https:\/\/freetours.ro\/"},{"@type":"ListItem","position":2,"name":"Legal Info"}]},{"@type":"WebSite","@id":"https:\/\/freetours.ro\/#website","url":"https:\/\/freetours.ro\/","name":"FreeTours.ro","description":"Alternative tourism with local guides","publisher":{"@id":"https:\/\/freetours.ro\/#organization"},"potentialAction":[{"@type":"SearchAction","target":{"@type":"EntryPoint","urlTemplate":"https:\/\/freetours.ro\/?s={search_term_string}"},"query-input":{"@type":"PropertyValueSpecification","valueRequired":true,"valueName":"search_term_string"}}],"inLanguage":"en-GB"},{"@type":"Organization","@id":"https:\/\/freetours.ro\/#organization","name":"FreeTours.ro","url":"https:\/\/freetours.ro\/","logo":{"@type":"ImageObject","inLanguage":"en-GB","@id":"https:\/\/freetours.ro\/#\/schema\/logo\/image\/","url":"https:\/\/i0.wp.com\/freetours.ro\/wp-content\/uploads\/2025\/09\/Logo-albastru-scaled.jpg?fit=2560%2C1810&ssl=1","contentUrl":"https:\/\/i0.wp.com\/freetours.ro\/wp-content\/uploads\/2025\/09\/Logo-albastru-scaled.jpg?fit=2560%2C1810&ssl=1","width":2560,"height":1810,"caption":"FreeTours.ro"},"image":{"@id":"https:\/\/freetours.ro\/#\/schema\/logo\/image\/"}}]}},"jetpack_sharing_enabled":true,"_links":{"self":[{"href":"https:\/\/freetours.ro\/en\/wp-json\/wp\/v2\/pages\/639","targetHints":{"allow":["GET"]}}],"collection":[{"href":"https:\/\/freetours.ro\/en\/wp-json\/wp\/v2\/pages"}],"about":[{"href":"https:\/\/freetours.ro\/en\/wp-json\/wp\/v2\/types\/page"}],"author":[{"embeddable":true,"href":"https:\/\/freetours.ro\/en\/wp-json\/wp\/v2\/users\/1"}],"replies":[{"embeddable":true,"href":"https:\/\/freetours.ro\/en\/wp-json\/wp\/v2\/comments?post=639"}],"version-history":[{"count":4,"href":"https:\/\/freetours.ro\/en\/wp-json\/wp\/v2\/pages\/639\/revisions"}],"predecessor-version":[{"id":648,"href":"https:\/\/freetours.ro\/en\/wp-json\/wp\/v2\/pages\/639\/revisions\/648"}],"wp:attachment":[{"href":"https:\/\/freetours.ro\/en\/wp-json\/wp\/v2\/media?parent=639"}],"curies":[{"name":"wp","href":"https:\/\/api.w.org\/{rel}","templated":true}]}}