{"id":552,"date":"2025-09-18T16:01:31","date_gmt":"2025-09-18T16:01:31","guid":{"rendered":"https:\/\/freetours.ro\/?page_id=552"},"modified":"2026-03-25T19:14:59","modified_gmt":"2026-03-25T17:14:59","slug":"sustine-ne","status":"publish","type":"page","link":"https:\/\/freetours.ro\/en\/sustine-ne\/","title":{"rendered":"Support us!"},"content":{"rendered":"<div data-elementor-type=\"wp-page\" data-elementor-id=\"552\" class=\"elementor elementor-552\">\n\t\t\t\t<div class=\"elementor-element elementor-element-4293ae6 e-flex e-con-boxed wpr-particle-no wpr-jarallax-no wpr-parallax-no wpr-sticky-section-no wpr-column-slider-no wpr-equal-height-no e-con e-parent\" data-id=\"4293ae6\" data-element_type=\"container\" data-e-type=\"container\" data-settings=\"{&quot;background_background&quot;:&quot;gradient&quot;}\">\n\t\t\t\t\t<div class=\"e-con-inner\">\n\t\t\t\t<div class=\"elementor-element elementor-element-cea898c elementor-widget elementor-widget-spacer\" data-id=\"cea898c\" data-element_type=\"widget\" data-e-type=\"widget\" data-widget_type=\"spacer.default\">\n\t\t\t\t\t\t\t<div class=\"elementor-spacer\">\n\t\t\t<div class=\"elementor-spacer-inner\"><\/div>\n\t\t<\/div>\n\t\t\t\t\t\t<\/div>\n\t\t\t\t<div class=\"elementor-element elementor-element-9452686 premium-mask-tb premium-header-block premium-mask-yes premium-lq__none premium-box-lq__none elementor-invisible elementor-widget elementor-widget-premium-addon-dual-header\" data-id=\"9452686\" data-element_type=\"widget\" data-e-type=\"widget\" data-settings=\"{&quot;_animation&quot;:&quot;fadeIn&quot;}\" data-widget_type=\"premium-addon-dual-header.default\">\n\t\t\t\t\t\n\t\t<div class=\"elementor-widget-container\">\n\t\t<div class=\"premium-dual-header-wrapper\">\n\t\t\t\t\t<h2 class=\"premium-dual-header-first-header\"><span class=\"premium-dual-header-first-span\">SUPPORT US <\/span><\/h2> \t\t\t\t\t\t<\/div>\n\t\t<\/div>\n\n\t\t\t\t\t\t<\/div>\n\t\t<div class=\"elementor-element elementor-element-6418aa0 e-con-full e-grid wpr-particle-no wpr-jarallax-no wpr-parallax-no wpr-sticky-section-no wpr-column-slider-no wpr-equal-height-no e-con e-child\" data-id=\"6418aa0\" data-element_type=\"container\" data-e-type=\"container\" data-settings=\"{&quot;background_background&quot;:&quot;classic&quot;}\">\n\t\t\t\t<div class=\"elementor-element elementor-element-0389736 elementor-widget elementor-widget-text-editor\" data-id=\"0389736\" data-element_type=\"widget\" data-e-type=\"widget\" data-widget_type=\"text-editor.default\">\n\t\t\t\t\t\t\t\t\t<h5>With your support, we promote sustainable tourism in Romania, focused on protecting the places we visit, promoting the values \u200b\u200bof the place and respecting local communities.\u00a0<\/h5>\t\t\t\t\t\t\t\t<\/div>\n\t\t\t\t<div class=\"elementor-element elementor-element-a7490fd elementor-widget elementor-widget-text-editor\" data-id=\"a7490fd\" data-element_type=\"widget\" data-e-type=\"widget\" data-widget_type=\"text-editor.default\">\n\t\t\t\t\t\t\t\t\t<p>The Alternative Tourism Association and FreeTours.ro exist because a handful of people passionate about tourism, history and heritage, coming from different fields, had the courage to believe that high quality tourism can also be done in Romania, which would provide benefits to both tourists and local communities.<\/p>\t\t\t\t\t\t\t\t<\/div>\n\t\t\t\t<\/div>\n\t\t\t\t<div class=\"elementor-element elementor-element-9107a36 elementor-widget elementor-widget-text-editor\" data-id=\"9107a36\" data-element_type=\"widget\" data-e-type=\"widget\" data-widget_type=\"text-editor.default\">\n\t\t\t\t\t\t\t\t\t<h5>Here's how you can support us<\/h5>\t\t\t\t\t\t\t\t<\/div>\n\t\t\t\t<div class=\"elementor-element elementor-element-bec4d42 elementor-widget elementor-widget-text-editor\" data-id=\"bec4d42\" data-element_type=\"widget\" data-e-type=\"widget\" data-widget_type=\"text-editor.default\">\n\t\t\t\t\t\t\t\t\t<p><strong>&#8212;<br \/><\/strong><strong>Bank transfer<br \/><\/strong>Alternative Tourism Association<br \/><strong>IBAN<\/strong> &#8211; RO88 RNCB 0016 1476 3506 0001<br \/><strong>SWIFT &#8211;<\/strong>\u00a0RNCBROBUXXX<br \/><em>Banca Comercial\u0103 Rom\u00e2n\u0103<\/em><strong><br \/><\/strong><\/p>\t\t\t\t\t\t\t\t<\/div>\n\t\t\t\t<div class=\"elementor-element elementor-element-01b56f8 elementor-widget elementor-widget-text-editor\" data-id=\"01b56f8\" data-element_type=\"widget\" data-e-type=\"widget\" data-widget_type=\"text-editor.default\">\n\t\t\t\t\t\t\t\t\t<hr \/><p><strong>Through the button below<br \/><\/strong>Either through your PayPal account or bank card.<br \/>*The button below charges a flat fee of 0.30 Euro and 3.4% of the donation value. You can choose to cover these fees yourself, or to include these fees in the amount donated to the Alternative Tourism Association.<\/p>\t\t\t\t\t\t\t\t<\/div>\n\t\t\t\t<div class=\"elementor-element elementor-element-e196e52 elementor-widget elementor-widget-image\" data-id=\"e196e52\" data-element_type=\"widget\" data-e-type=\"widget\" data-widget_type=\"image.default\">\n\t\t\t\t\t\t\t\t\t\t\t\t\t\t\t\t<a href=\"https:\/\/www.paypal.com\/donate?hosted_button_id=MMJXK4DAYPLQ4\" target=\"_blank\">\n\t\t\t\t\t\t\t<img fetchpriority=\"high\" decoding=\"async\" width=\"1500\" height=\"600\" src=\"https:\/\/freetours.ro\/wp-content\/uploads\/2025\/09\/DONATE.jpg\" class=\"attachment-full size-full wp-image-476\" alt=\"\" srcset=\"https:\/\/i0.wp.com\/freetours.ro\/wp-content\/uploads\/2025\/09\/DONATE.jpg?w=500&ssl=1 500w, https:\/\/i0.wp.com\/freetours.ro\/wp-content\/uploads\/2025\/09\/DONATE.jpg?resize=300%2C120&ssl=1 300w, https:\/\/i0.wp.com\/freetours.ro\/wp-content\/uploads\/2025\/09\/DONATE.jpg?resize=18%2C7&ssl=1 18w\" sizes=\"(max-width: 800px) 100vw, 800px\" \/>\t\t\t\t\t\t\t\t<\/a>\n\t\t\t\t\t\t\t\t\t\t\t\t\t\t\t<\/div>\n\t\t\t\t<div class=\"elementor-element elementor-element-8b44298 elementor-widget elementor-widget-text-editor\" data-id=\"8b44298\" data-element_type=\"widget\" data-e-type=\"widget\" data-widget_type=\"text-editor.default\">\n\t\t\t\t\t\t\t\t\t<p>&#8212;<br \/><b>3.5% of income tax (for Romanian citizens only)<br \/><\/b>For individuals<\/p><p><strong>Completeaz\u0103 formularul 230 acces\u00e2nd linkul acesta &#8211; <span style=\"color: #d71f27;\"><em><a style=\"color: #d71f27;\" href=\"https:\/\/formular230.ro\/asociatia-turism-alternativ\" target=\"_blank\" rel=\"noopener\">formular230.ro\/asociatia-turism-alternativ<\/a><\/em><\/span><\/strong><\/p><p><br \/><strong>Dac\u0103 nu vrei s\u0103 completezi formularul pe acest link, transmite-ne datele tale pe donate@freetours.ro \u0219i te vom contacta c\u00e2nd se va (re)deschide perioada de depunere a Formularului 230 pentru redirec\u021bionarea c\u0103tre Asocia\u021bia Turism Alternativ a celor 3,5% din impozitul pe venit pe care \u00eel da\u021bi statului.<\/strong><\/p>\t\t\t\t\t\t\t\t<\/div>\n\t\t\t\t<div class=\"elementor-element elementor-element-a9d1c5e elementor-widget elementor-widget-text-editor\" data-id=\"a9d1c5e\" data-element_type=\"widget\" data-e-type=\"widget\" data-widget_type=\"text-editor.default\">\n\t\t\t\t\t\t\t\t\t<p>&#8212;<br \/><b>Sponsorhips<br \/><\/b>For legal entities<br \/><strong>Transmite-ne datele tale \u0219i ale companiei tale pe donate@freetours.ro \u0219i te vom contacta pentru a stabili \u00een ce modalit\u0103\u021bi ne po\u021bi sus\u021bine &#8211; sponsorizare direct\u0103, sponsorizare indirect\u0103 sau prin redirec\u021bionarea a 20% din impozitul companiei tale.<\/strong><\/p>\t\t\t\t\t\t\t\t<\/div>\n\t\t\t\t\t<\/div>\n\t\t\t\t<\/div>\n\t\t<div class=\"elementor-element elementor-element-402878b e-flex e-con-boxed wpr-particle-no wpr-jarallax-no wpr-parallax-no wpr-sticky-section-no wpr-column-slider-no wpr-equal-height-no e-con e-parent\" data-id=\"402878b\" data-element_type=\"container\" data-e-type=\"container\">\n\t\t\t\t\t<div class=\"e-con-inner\">\n\t\t\t\t<div class=\"elementor-element elementor-element-bc2df00 elementor-widget elementor-widget-html\" data-id=\"bc2df00\" data-element_type=\"widget\" data-e-type=\"widget\" data-widget_type=\"html.default\">\n\t\t\t\t\t<script src=\"https:\/\/formular230.ro\/share\/97e2c133bd8\"><\/script>\t\t\t\t<\/div>\n\t\t\t\t\t<\/div>\n\t\t\t\t<\/div>\n\t\t\t\t<\/div>","protected":false},"excerpt":{"rendered":"<p>SUS\u021aINE-NE Cu sus\u021binerea ta, promov\u0103m \u00een Rom\u00e2nia un turism de calitate, axat pe protejarea locurilor pe care le vizit\u0103m, pe promovarea valorilor locului \u0219i pe respectul fa\u021b\u0103 de comunit\u0103\u021bile locale.\u00a0 Asocia\u021bia Turism Alternativ \u0219i FreeTours.ro exist\u0103 pentru c\u0103 o m\u00e2n\u0103 de oameni pasiona\u021bi de turism, istorie \u0219i patrimoniu, provenind din diferite domenii, au avut curajul s\u0103 cread\u0103 c\u0103 se poate face \u0219i \u00een Rom\u00e2nia turism de calitate, care s\u0103 ofere c\u00e2\u0219tiguri at\u00e2t turi\u0219tilor, c\u00e2t \u0219i comunit\u0103\u021bilor locale. Iat\u0103 cum ne po\u021bi sus\u021bine &#8212;Transfer bancarAsocia\u021bia Turism AlternativIBAN &#8211; RO88 RNCB 0016 1476 3506 0001SWIFT &#8211;\u00a0RNCBROBUXXXBanca Comercial\u0103 Rom\u00e2n\u0103 Prin butonul de mai josFie prin contul PayPal, fie prin card bancar.*Prin butonul de mai jos se percepe o tax\u0103 fix\u0103 de 0,30 Euro \u0219i 3,4% din valoarea dona\u021biei. Pute\u021bi opta pentru a acoperi dumneavoastr\u0103 aceste comisioane, sau pentru a include aceste comisioane \u00een suma donat\u0103 c\u0103tre Asocia\u021bia Turism Alternativ. &#8212;3,5% din impozitul pe venitPentru persoanele fizice Completeaz\u0103 formularul 230 acces\u00e2nd linkul acesta &#8211; formular230.ro\/asociatia-turism-alternativ Dac\u0103 nu vrei s\u0103 completezi formularul pe acest link, transmite-ne datele tale pe donate@freetours.ro \u0219i te vom contacta c\u00e2nd se va (re)deschide perioada de depunere a Formularului 230 pentru redirec\u021bionarea c\u0103tre Asocia\u021bia Turism Alternativ a celor 3,5% din impozitul pe venit pe care \u00eel da\u021bi statului. &#8212;SponsorizarePentru persoanele juridiceTransmite-ne datele tale \u0219i ale companiei tale pe donate@freetours.ro \u0219i te vom contacta pentru a stabili \u00een ce modalit\u0103\u021bi ne po\u021bi sus\u021bine &#8211; sponsorizare direct\u0103, sponsorizare indirect\u0103 sau prin redirec\u021bionarea a 20% din impozitul companiei tale.<\/p>","protected":false},"author":1,"featured_media":0,"parent":0,"menu_order":0,"comment_status":"closed","ping_status":"closed","template":"elementor_header_footer","meta":{"nf_dc_page":"","om_disable_all_campaigns":false,"_monsterinsights_skip_tracking":false,"_monsterinsights_sitenote_active":false,"_monsterinsights_sitenote_note":"","_monsterinsights_sitenote_category":0,"postBodyCss":"","postBodyMargin":[],"postBodyPadding":[],"postBodyBackground":{"backgroundType":"classic","gradient":""},"footnotes":""},"class_list":["post-552","page","type-page","status-publish","hentry"],"yoast_head":"<!-- This site is optimized with the Yoast SEO plugin v27.6 - https:\/\/yoast.com\/product\/yoast-seo-wordpress\/ -->\n<title>Sus\u021bine-ne - FreeTours.ro<\/title>\n<meta name=\"robots\" content=\"index, follow, max-snippet:-1, max-image-preview:large, max-video-preview:-1\" \/>\n<link rel=\"canonical\" href=\"https:\/\/freetours.ro\/en\/sustine-ne\/\" \/>\n<meta property=\"og:locale\" content=\"en_GB\" \/>\n<meta property=\"og:type\" content=\"article\" \/>\n<meta property=\"og:title\" content=\"Sus\u021bine-ne - FreeTours.ro\" \/>\n<meta property=\"og:description\" content=\"SUS\u021aINE-NE Cu sus\u021binerea ta, promov\u0103m \u00een Rom\u00e2nia un turism de calitate, axat pe protejarea locurilor pe care le vizit\u0103m, pe promovarea valorilor locului \u0219i pe respectul fa\u021b\u0103 de comunit\u0103\u021bile locale.\u00a0 Asocia\u021bia Turism Alternativ \u0219i FreeTours.ro exist\u0103 pentru c\u0103 o m\u00e2n\u0103 de oameni pasiona\u021bi de turism, istorie \u0219i patrimoniu, provenind din diferite domenii, au avut curajul s\u0103 cread\u0103 c\u0103 se poate face \u0219i \u00een Rom\u00e2nia turism de calitate, care s\u0103 ofere c\u00e2\u0219tiguri at\u00e2t turi\u0219tilor, c\u00e2t \u0219i comunit\u0103\u021bilor locale. Iat\u0103 cum ne po\u021bi sus\u021bine &#8212;Transfer bancarAsocia\u021bia Turism AlternativIBAN &#8211; RO88 RNCB 0016 1476 3506 0001SWIFT &#8211;\u00a0RNCBROBUXXXBanca Comercial\u0103 Rom\u00e2n\u0103 Prin butonul de mai josFie prin contul PayPal, fie prin card bancar.*Prin butonul de mai jos se percepe o tax\u0103 fix\u0103 de 0,30 Euro \u0219i 3,4% din valoarea dona\u021biei. Pute\u021bi opta pentru a acoperi dumneavoastr\u0103 aceste comisioane, sau pentru a include aceste comisioane \u00een suma donat\u0103 c\u0103tre Asocia\u021bia Turism Alternativ. &#8212;3,5% din impozitul pe venitPentru persoanele fizice Completeaz\u0103 formularul 230 acces\u00e2nd linkul acesta &#8211; formular230.ro\/asociatia-turism-alternativ Dac\u0103 nu vrei s\u0103 completezi formularul pe acest link, transmite-ne datele tale pe donate@freetours.ro \u0219i te vom contacta c\u00e2nd se va (re)deschide perioada de depunere a Formularului 230 pentru redirec\u021bionarea c\u0103tre Asocia\u021bia Turism Alternativ a celor 3,5% din impozitul pe venit pe care \u00eel da\u021bi statului. &#8212;SponsorizarePentru persoanele juridiceTransmite-ne datele tale \u0219i ale companiei tale pe donate@freetours.ro \u0219i te vom contacta pentru a stabili \u00een ce modalit\u0103\u021bi ne po\u021bi sus\u021bine &#8211; sponsorizare direct\u0103, sponsorizare indirect\u0103 sau prin redirec\u021bionarea a 20% din impozitul companiei tale.\" \/>\n<meta property=\"og:url\" content=\"https:\/\/freetours.ro\/en\/sustine-ne\/\" \/>\n<meta property=\"og:site_name\" content=\"FreeTours.ro\" \/>\n<meta property=\"article:modified_time\" content=\"2026-03-25T17:14:59+00:00\" \/>\n<meta property=\"og:image\" content=\"https:\/\/freetours.ro\/wp-content\/uploads\/2025\/09\/DONEAZA-1.png\" \/>\n<meta name=\"twitter:card\" content=\"summary_large_image\" \/>\n<meta name=\"twitter:label1\" content=\"Estimated reading time\" \/>\n\t<meta name=\"twitter:data1\" content=\"1 minute\" \/>\n<script type=\"application\/ld+json\" class=\"yoast-schema-graph\">{\"@context\":\"https:\\\/\\\/schema.org\",\"@graph\":[{\"@type\":\"WebPage\",\"@id\":\"https:\\\/\\\/freetours.ro\\\/sustine-ne\\\/\",\"url\":\"https:\\\/\\\/freetours.ro\\\/sustine-ne\\\/\",\"name\":\"Sus\u021bine-ne - FreeTours.ro\",\"isPartOf\":{\"@id\":\"https:\\\/\\\/freetours.ro\\\/#website\"},\"primaryImageOfPage\":{\"@id\":\"https:\\\/\\\/freetours.ro\\\/sustine-ne\\\/#primaryimage\"},\"image\":{\"@id\":\"https:\\\/\\\/freetours.ro\\\/sustine-ne\\\/#primaryimage\"},\"thumbnailUrl\":\"https:\\\/\\\/freetours.ro\\\/wp-content\\\/uploads\\\/2025\\\/09\\\/DONEAZA-1.png\",\"datePublished\":\"2025-09-18T16:01:31+00:00\",\"dateModified\":\"2026-03-25T17:14:59+00:00\",\"breadcrumb\":{\"@id\":\"https:\\\/\\\/freetours.ro\\\/sustine-ne\\\/#breadcrumb\"},\"inLanguage\":\"en-GB\",\"potentialAction\":[{\"@type\":\"ReadAction\",\"target\":[\"https:\\\/\\\/freetours.ro\\\/sustine-ne\\\/\"]}]},{\"@type\":\"ImageObject\",\"inLanguage\":\"en-GB\",\"@id\":\"https:\\\/\\\/freetours.ro\\\/sustine-ne\\\/#primaryimage\",\"url\":\"https:\\\/\\\/freetours.ro\\\/wp-content\\\/uploads\\\/2025\\\/09\\\/DONEAZA-1.png\",\"contentUrl\":\"https:\\\/\\\/freetours.ro\\\/wp-content\\\/uploads\\\/2025\\\/09\\\/DONEAZA-1.png\"},{\"@type\":\"BreadcrumbList\",\"@id\":\"https:\\\/\\\/freetours.ro\\\/sustine-ne\\\/#breadcrumb\",\"itemListElement\":[{\"@type\":\"ListItem\",\"position\":1,\"name\":\"Home\",\"item\":\"https:\\\/\\\/freetours.ro\\\/\"},{\"@type\":\"ListItem\",\"position\":2,\"name\":\"Sus\u021bine-ne\"}]},{\"@type\":\"WebSite\",\"@id\":\"https:\\\/\\\/freetours.ro\\\/#website\",\"url\":\"https:\\\/\\\/freetours.ro\\\/\",\"name\":\"FreeTours.ro\",\"description\":\"Alternative tourism with local guides\",\"publisher\":{\"@id\":\"https:\\\/\\\/freetours.ro\\\/#organization\"},\"potentialAction\":[{\"@type\":\"SearchAction\",\"target\":{\"@type\":\"EntryPoint\",\"urlTemplate\":\"https:\\\/\\\/freetours.ro\\\/?s={search_term_string}\"},\"query-input\":{\"@type\":\"PropertyValueSpecification\",\"valueRequired\":true,\"valueName\":\"search_term_string\"}}],\"inLanguage\":\"en-GB\"},{\"@type\":\"Organization\",\"@id\":\"https:\\\/\\\/freetours.ro\\\/#organization\",\"name\":\"FreeTours.ro\",\"url\":\"https:\\\/\\\/freetours.ro\\\/\",\"logo\":{\"@type\":\"ImageObject\",\"inLanguage\":\"en-GB\",\"@id\":\"https:\\\/\\\/freetours.ro\\\/#\\\/schema\\\/logo\\\/image\\\/\",\"url\":\"https:\\\/\\\/i0.wp.com\\\/freetours.ro\\\/wp-content\\\/uploads\\\/2025\\\/09\\\/Logo-albastru-scaled.jpg?fit=2560%2C1810&ssl=1\",\"contentUrl\":\"https:\\\/\\\/i0.wp.com\\\/freetours.ro\\\/wp-content\\\/uploads\\\/2025\\\/09\\\/Logo-albastru-scaled.jpg?fit=2560%2C1810&ssl=1\",\"width\":2560,\"height\":1810,\"caption\":\"FreeTours.ro\"},\"image\":{\"@id\":\"https:\\\/\\\/freetours.ro\\\/#\\\/schema\\\/logo\\\/image\\\/\"}}]}<\/script>\n<!-- \/ Yoast SEO plugin. -->","yoast_head_json":{"title":"Sus\u021bine-ne - FreeTours.ro","robots":{"index":"index","follow":"follow","max-snippet":"max-snippet:-1","max-image-preview":"max-image-preview:large","max-video-preview":"max-video-preview:-1"},"canonical":"https:\/\/freetours.ro\/en\/sustine-ne\/","og_locale":"en_GB","og_type":"article","og_title":"Sus\u021bine-ne - FreeTours.ro","og_description":"SUS\u021aINE-NE Cu sus\u021binerea ta, promov\u0103m \u00een Rom\u00e2nia un turism de calitate, axat pe protejarea locurilor pe care le vizit\u0103m, pe promovarea valorilor locului \u0219i pe respectul fa\u021b\u0103 de comunit\u0103\u021bile locale.\u00a0 Asocia\u021bia Turism Alternativ \u0219i FreeTours.ro exist\u0103 pentru c\u0103 o m\u00e2n\u0103 de oameni pasiona\u021bi de turism, istorie \u0219i patrimoniu, provenind din diferite domenii, au avut curajul s\u0103 cread\u0103 c\u0103 se poate face \u0219i \u00een Rom\u00e2nia turism de calitate, care s\u0103 ofere c\u00e2\u0219tiguri at\u00e2t turi\u0219tilor, c\u00e2t \u0219i comunit\u0103\u021bilor locale. Iat\u0103 cum ne po\u021bi sus\u021bine &#8212;Transfer bancarAsocia\u021bia Turism AlternativIBAN &#8211; RO88 RNCB 0016 1476 3506 0001SWIFT &#8211;\u00a0RNCBROBUXXXBanca Comercial\u0103 Rom\u00e2n\u0103 Prin butonul de mai josFie prin contul PayPal, fie prin card bancar.*Prin butonul de mai jos se percepe o tax\u0103 fix\u0103 de 0,30 Euro \u0219i 3,4% din valoarea dona\u021biei. Pute\u021bi opta pentru a acoperi dumneavoastr\u0103 aceste comisioane, sau pentru a include aceste comisioane \u00een suma donat\u0103 c\u0103tre Asocia\u021bia Turism Alternativ. &#8212;3,5% din impozitul pe venitPentru persoanele fizice Completeaz\u0103 formularul 230 acces\u00e2nd linkul acesta &#8211; formular230.ro\/asociatia-turism-alternativ Dac\u0103 nu vrei s\u0103 completezi formularul pe acest link, transmite-ne datele tale pe donate@freetours.ro \u0219i te vom contacta c\u00e2nd se va (re)deschide perioada de depunere a Formularului 230 pentru redirec\u021bionarea c\u0103tre Asocia\u021bia Turism Alternativ a celor 3,5% din impozitul pe venit pe care \u00eel da\u021bi statului. &#8212;SponsorizarePentru persoanele juridiceTransmite-ne datele tale \u0219i ale companiei tale pe donate@freetours.ro \u0219i te vom contacta pentru a stabili \u00een ce modalit\u0103\u021bi ne po\u021bi sus\u021bine &#8211; sponsorizare direct\u0103, sponsorizare indirect\u0103 sau prin redirec\u021bionarea a 20% din impozitul companiei tale.","og_url":"https:\/\/freetours.ro\/en\/sustine-ne\/","og_site_name":"FreeTours.ro","article_modified_time":"2026-03-25T17:14:59+00:00","og_image":[{"url":"https:\/\/freetours.ro\/wp-content\/uploads\/2025\/09\/DONEAZA-1.png","type":"","width":"","height":""}],"twitter_card":"summary_large_image","twitter_misc":{"Estimated reading time":"1 minute"},"schema":{"@context":"https:\/\/schema.org","@graph":[{"@type":"WebPage","@id":"https:\/\/freetours.ro\/sustine-ne\/","url":"https:\/\/freetours.ro\/sustine-ne\/","name":"Sus\u021bine-ne - FreeTours.ro","isPartOf":{"@id":"https:\/\/freetours.ro\/#website"},"primaryImageOfPage":{"@id":"https:\/\/freetours.ro\/sustine-ne\/#primaryimage"},"image":{"@id":"https:\/\/freetours.ro\/sustine-ne\/#primaryimage"},"thumbnailUrl":"https:\/\/freetours.ro\/wp-content\/uploads\/2025\/09\/DONEAZA-1.png","datePublished":"2025-09-18T16:01:31+00:00","dateModified":"2026-03-25T17:14:59+00:00","breadcrumb":{"@id":"https:\/\/freetours.ro\/sustine-ne\/#breadcrumb"},"inLanguage":"en-GB","potentialAction":[{"@type":"ReadAction","target":["https:\/\/freetours.ro\/sustine-ne\/"]}]},{"@type":"ImageObject","inLanguage":"en-GB","@id":"https:\/\/freetours.ro\/sustine-ne\/#primaryimage","url":"https:\/\/freetours.ro\/wp-content\/uploads\/2025\/09\/DONEAZA-1.png","contentUrl":"https:\/\/freetours.ro\/wp-content\/uploads\/2025\/09\/DONEAZA-1.png"},{"@type":"BreadcrumbList","@id":"https:\/\/freetours.ro\/sustine-ne\/#breadcrumb","itemListElement":[{"@type":"ListItem","position":1,"name":"Home","item":"https:\/\/freetours.ro\/"},{"@type":"ListItem","position":2,"name":"Sus\u021bine-ne"}]},{"@type":"WebSite","@id":"https:\/\/freetours.ro\/#website","url":"https:\/\/freetours.ro\/","name":"FreeTours.ro","description":"Alternative tourism with local guides","publisher":{"@id":"https:\/\/freetours.ro\/#organization"},"potentialAction":[{"@type":"SearchAction","target":{"@type":"EntryPoint","urlTemplate":"https:\/\/freetours.ro\/?s={search_term_string}"},"query-input":{"@type":"PropertyValueSpecification","valueRequired":true,"valueName":"search_term_string"}}],"inLanguage":"en-GB"},{"@type":"Organization","@id":"https:\/\/freetours.ro\/#organization","name":"FreeTours.ro","url":"https:\/\/freetours.ro\/","logo":{"@type":"ImageObject","inLanguage":"en-GB","@id":"https:\/\/freetours.ro\/#\/schema\/logo\/image\/","url":"https:\/\/i0.wp.com\/freetours.ro\/wp-content\/uploads\/2025\/09\/Logo-albastru-scaled.jpg?fit=2560%2C1810&ssl=1","contentUrl":"https:\/\/i0.wp.com\/freetours.ro\/wp-content\/uploads\/2025\/09\/Logo-albastru-scaled.jpg?fit=2560%2C1810&ssl=1","width":2560,"height":1810,"caption":"FreeTours.ro"},"image":{"@id":"https:\/\/freetours.ro\/#\/schema\/logo\/image\/"}}]}},"jetpack_sharing_enabled":true,"_links":{"self":[{"href":"https:\/\/freetours.ro\/en\/wp-json\/wp\/v2\/pages\/552","targetHints":{"allow":["GET"]}}],"collection":[{"href":"https:\/\/freetours.ro\/en\/wp-json\/wp\/v2\/pages"}],"about":[{"href":"https:\/\/freetours.ro\/en\/wp-json\/wp\/v2\/types\/page"}],"author":[{"embeddable":true,"href":"https:\/\/freetours.ro\/en\/wp-json\/wp\/v2\/users\/1"}],"replies":[{"embeddable":true,"href":"https:\/\/freetours.ro\/en\/wp-json\/wp\/v2\/comments?post=552"}],"version-history":[{"count":5,"href":"https:\/\/freetours.ro\/en\/wp-json\/wp\/v2\/pages\/552\/revisions"}],"predecessor-version":[{"id":860,"href":"https:\/\/freetours.ro\/en\/wp-json\/wp\/v2\/pages\/552\/revisions\/860"}],"wp:attachment":[{"href":"https:\/\/freetours.ro\/en\/wp-json\/wp\/v2\/media?parent=552"}],"curies":[{"name":"wp","href":"https:\/\/api.w.org\/{rel}","templated":true}]}}