{"id":440,"date":"2025-09-10T22:44:50","date_gmt":"2025-09-10T22:44:50","guid":{"rendered":"https:\/\/freetours.ro\/?page_id=440"},"modified":"2025-09-10T22:54:20","modified_gmt":"2025-09-10T22:54:20","slug":"contact","status":"publish","type":"page","link":"https:\/\/freetours.ro\/en\/contact\/","title":{"rendered":"Contact"},"content":{"rendered":"\t\t<div data-elementor-type=\"wp-page\" data-elementor-id=\"440\" class=\"elementor elementor-440\">\n\t\t\t\t<div class=\"elementor-element elementor-element-1a03c93 e-flex e-con-boxed wpr-particle-no wpr-jarallax-no wpr-parallax-no wpr-sticky-section-no wpr-column-slider-no wpr-equal-height-no e-con e-parent\" data-id=\"1a03c93\" data-element_type=\"container\" data-e-type=\"container\" data-settings=\"{&quot;background_background&quot;:&quot;gradient&quot;}\">\n\t\t\t\t\t<div class=\"e-con-inner\">\n\t\t\t\t<div class=\"elementor-element elementor-element-9dfe8f5 elementor-widget elementor-widget-spacer\" data-id=\"9dfe8f5\" data-element_type=\"widget\" data-e-type=\"widget\" data-widget_type=\"spacer.default\">\n\t\t\t\t\t\t\t<div class=\"elementor-spacer\">\n\t\t\t<div class=\"elementor-spacer-inner\"><\/div>\n\t\t<\/div>\n\t\t\t\t\t\t<\/div>\n\t\t\t\t<div class=\"elementor-element elementor-element-5c28996 premium-header-inline premium-lq__none premium-box-lq__none elementor-invisible elementor-widget elementor-widget-premium-addon-dual-header\" data-id=\"5c28996\" data-element_type=\"widget\" data-e-type=\"widget\" data-settings=\"{&quot;_animation&quot;:&quot;fadeIn&quot;}\" data-widget_type=\"premium-addon-dual-header.default\">\n\t\t\t\t\t\n\t\t<div class=\"elementor-widget-container\">\n\t\t<div class=\"premium-dual-header-wrapper\">\n\t\t\t\t\t<h2 class=\"premium-dual-header-first-header \"><span class=\"premium-dual-header-first-span\">CONTACT <\/span><\/h2> \t\t\t\t\t\t<\/div>\n\t\t<\/div>\n\n\t\t\t\t\t\t<\/div>\n\t\t<div class=\"elementor-element elementor-element-d21fb03 e-grid e-con-full wpr-particle-no wpr-jarallax-no wpr-parallax-no wpr-sticky-section-no wpr-column-slider-no wpr-equal-height-no elementor-invisible e-con e-child\" data-id=\"d21fb03\" data-element_type=\"container\" data-e-type=\"container\" data-settings=\"{&quot;background_background&quot;:&quot;classic&quot;,&quot;animation&quot;:&quot;fadeInUp&quot;}\">\n\t\t\t\t<div class=\"elementor-element elementor-element-af9233b elementor-widget elementor-widget-text-editor\" data-id=\"af9233b\" data-element_type=\"widget\" data-e-type=\"widget\" data-widget_type=\"text-editor.default\">\n\t\t\t\t\t\t\t\t\t<h4>\u00a0<\/h4><h4><b>ASOCIA\u021aIA TURISM ALTERNATIV<\/b><\/h4><p><span style=\"color: #0f7588;\">Ne pute\u021bi contacta prin urm\u0103toarele metode:<\/span><\/p><h5><b>Adresa: Ulmului 17, Arad<br \/>Telefon: +40 724 362 434<br \/>Email: contact@freetours.com<br \/><\/b><\/h5>\t\t\t\t\t\t\t\t<\/div>\n\t\t\t\t<div class=\"elementor-element elementor-element-64dd9ac elementor-widget elementor-widget-wpforms\" data-id=\"64dd9ac\" data-element_type=\"widget\" data-e-type=\"widget\" data-widget_type=\"wpforms.default\">\n\t\t\t\t<div class=\"elementor-widget-container\">\n\t\t\t\t\t<style id=\"wpforms-css-vars-elementor-widget-64dd9ac\">\n\t\t\t\t.elementor-widget-wpforms.elementor-element-64dd9ac {\n\t\t\t\t--wpforms-field-border-size: 2px;\n--wpforms-field-border-color: #05424D;\n--wpforms-field-border-color-spare: #05424D;\n--wpforms-field-text-color: #05424D;\n--wpforms-label-error-color: #D61F26;\n--wpforms-button-background-color: #05424D;\n--wpforms-page-break-color: #05424D;\n--wpforms-label-color: #05424D;\n\t\t\t}\n\t\t\t<\/style><div class=\"wpforms-container wpforms-container-full wpforms-render-modern\" id=\"wpforms-442\"><form id=\"wpforms-form-442\" class=\"wpforms-validate wpforms-form wpforms-ajax-form\" data-formid=\"442\" method=\"post\" enctype=\"multipart\/form-data\" action=\"\/en\/wp-json\/wp\/v2\/pages\/440\" data-token=\"18bd386505221d211da02a9e0655c36e\" data-token-time=\"1778696308\"><noscript class=\"wpforms-error-noscript\">Please enable JavaScript in your browser to complete this form.<\/noscript><div id=\"wpforms-error-noscript\" style=\"display: none;\">Please enable JavaScript in your browser to complete this form.<\/div><div class=\"wpforms-field-container\">\t\t<div id=\"wpforms-442-field_4-container\"\n\t\t\tclass=\"wpforms-field wpforms-field-text\"\n\t\t\tdata-field-type=\"text\"\n\t\t\tdata-field-id=\"4\"\n\t\t\t>\n\t\t\t<label class=\"wpforms-field-label\" for=\"wpforms-442-field_4\" >Nume t\u0103u \u0219i<\/label>\n\t\t\t<input type=\"text\" id=\"wpforms-442-field_4\" class=\"wpforms-field-medium\" name=\"wpforms[fields][4]\" >\n\t\t<\/div>\n\t\t<div id=\"wpforms-442-field_1-container\" class=\"wpforms-field wpforms-field-name\" data-field-id=\"1\"><label class=\"wpforms-field-label\" for=\"wpforms-442-field_1\">Nume \u0219i prenume <span class=\"wpforms-required-label\" aria-hidden=\"true\">*<\/span><\/label><input type=\"text\" id=\"wpforms-442-field_1\" class=\"wpforms-field-medium wpforms-field-required\" name=\"wpforms[fields][1]\" aria-errormessage=\"wpforms-442-field_1-error\" required><\/div><div id=\"wpforms-442-field_2-container\" class=\"wpforms-field wpforms-field-email\" data-field-id=\"2\"><label class=\"wpforms-field-label\" for=\"wpforms-442-field_2\">Email <span class=\"wpforms-required-label\" aria-hidden=\"true\">*<\/span><\/label><input type=\"email\" id=\"wpforms-442-field_2\" class=\"wpforms-field-medium wpforms-field-required\" name=\"wpforms[fields][2]\" spellcheck=\"false\" aria-errormessage=\"wpforms-442-field_2-error\" required><\/div><div id=\"wpforms-442-field_3-container\" class=\"wpforms-field wpforms-field-textarea\" data-field-id=\"3\"><label class=\"wpforms-field-label\" for=\"wpforms-442-field_3\">Mesajul t\u0103u <span class=\"wpforms-required-label\" aria-hidden=\"true\">*<\/span><\/label><textarea id=\"wpforms-442-field_3\" class=\"wpforms-field-medium wpforms-field-required\" name=\"wpforms[fields][3]\" aria-errormessage=\"wpforms-442-field_3-error\" aria-describedby=\"wpforms-442-field_3-description\" required><\/textarea><div id=\"wpforms-442-field_3-description\" class=\"wpforms-field-description\">Dup\u0103 completarea formularului, v\u0103 rug\u0103m s\u0103 a\u0219tepta\u021bi 10 secunde \u00eenainte de a ap\u0103sa butonul \u201eTrimite\u201d.<\/div><\/div><script>\n\t\t\t\t( function() {\n\t\t\t\t\tconst style = document.createElement( 'style' );\n\t\t\t\t\tstyle.appendChild( document.createTextNode( '#wpforms-442-field_4-container { position: absolute !important; overflow: hidden !important; display: inline !important; height: 1px !important; width: 1px !important; z-index: -1000 !important; padding: 0 !important; } #wpforms-442-field_4-container input { visibility: hidden; } #wpforms-conversational-form-page #wpforms-442-field_4-container label { counter-increment: none; }' ) );\n\t\t\t\t\tdocument.head.appendChild( style );\n\t\t\t\t\tdocument.currentScript?.remove();\n\t\t\t\t} )();\n\t\t\t<\/script><\/div><!-- .wpforms-field-container --><div class=\"wpforms-submit-container\" ><input type=\"hidden\" name=\"wpforms[id]\" value=\"442\"><input type=\"hidden\" name=\"page_title\" value=\"\"><input type=\"hidden\" name=\"page_url\" value=\"https:\/\/freetours.ro\/en\/wp-json\/wp\/v2\/pages\/440\"><input type=\"hidden\" name=\"url_referer\" value=\"\"><button type=\"submit\" name=\"wpforms[submit]\" id=\"wpforms-submit-442\" class=\"wpforms-submit\" data-alt-text=\"Se trimite...\" data-submit-text=\"Trimite\" aria-live=\"assertive\" value=\"wpforms-submit\">Trimite<\/button><img decoding=\"async\" src=\"https:\/\/freetours.ro\/wp-content\/plugins\/wpforms-lite\/assets\/images\/submit-spin.svg\" class=\"wpforms-submit-spinner\" style=\"display: none;\" width=\"26\" height=\"26\" alt=\"Loading\"><\/div><\/form><\/div>  <!-- .wpforms-container -->\t\t\t\t<\/div>\n\t\t\t\t<\/div>\n\t\t\t\t<\/div>\n\t\t\t\t\t<\/div>\n\t\t\t\t<\/div>\n\t\t\t\t<\/div>\n\t\t","protected":false},"excerpt":{"rendered":"<p>CONTACT \u00a0 ASOCIA\u021aIA TURISM ALTERNATIV Ne pute\u021bi contacta prin urm\u0103toarele metode: Adresa: Ulmului 17, AradTelefon: +40 724 362 434Email: contact@freetours.com Please enable JavaScript in your browser to complete this form.Please enable JavaScript in your browser to complete this form.Nume \u0219i prenume *Email *Mesajul t\u0103u * Submit<\/p>","protected":false},"author":1,"featured_media":0,"parent":0,"menu_order":0,"comment_status":"closed","ping_status":"closed","template":"elementor_header_footer","meta":{"nf_dc_page":"","om_disable_all_campaigns":false,"_monsterinsights_skip_tracking":false,"_monsterinsights_sitenote_active":false,"_monsterinsights_sitenote_note":"","_monsterinsights_sitenote_category":0,"postBodyCss":"","postBodyMargin":[],"postBodyPadding":[],"postBodyBackground":{"backgroundType":"classic","gradient":""},"footnotes":""},"class_list":["post-440","page","type-page","status-publish","hentry"],"yoast_head":"<!-- This site is optimized with the Yoast SEO plugin v27.6 - https:\/\/yoast.com\/product\/yoast-seo-wordpress\/ -->\n<title>Contact - FreeTours.ro<\/title>\n<meta name=\"robots\" content=\"index, follow, max-snippet:-1, max-image-preview:large, max-video-preview:-1\" \/>\n<link rel=\"canonical\" href=\"https:\/\/freetours.ro\/en\/contact\/\" \/>\n<meta property=\"og:locale\" content=\"en_GB\" \/>\n<meta property=\"og:type\" content=\"article\" \/>\n<meta property=\"og:title\" content=\"Contact - FreeTours.ro\" \/>\n<meta property=\"og:description\" content=\"CONTACT \u00a0 ASOCIA\u021aIA TURISM ALTERNATIV Ne pute\u021bi contacta prin urm\u0103toarele metode: Adresa: Ulmului 17, AradTelefon: +40 724 362 434Email: contact@freetours.com Please enable JavaScript in your browser to complete this form.Please enable JavaScript in your browser to complete this form.Nume \u0219i prenume *Email *Mesajul t\u0103u * Submit\" \/>\n<meta property=\"og:url\" content=\"https:\/\/freetours.ro\/en\/contact\/\" \/>\n<meta property=\"og:site_name\" content=\"FreeTours.ro\" \/>\n<meta property=\"article:modified_time\" content=\"2025-09-10T22:54:20+00:00\" \/>\n<meta property=\"og:image\" content=\"https:\/\/freetours.ro\/wp-content\/plugins\/wpforms-lite\/assets\/images\/submit-spin.svg\" \/>\n<meta name=\"twitter:card\" content=\"summary_large_image\" \/>\n<meta name=\"twitter:label1\" content=\"Estimated reading time\" \/>\n\t<meta name=\"twitter:data1\" content=\"1 minute\" \/>\n<script type=\"application\/ld+json\" class=\"yoast-schema-graph\">{\"@context\":\"https:\\\/\\\/schema.org\",\"@graph\":[{\"@type\":\"WebPage\",\"@id\":\"https:\\\/\\\/freetours.ro\\\/contact\\\/\",\"url\":\"https:\\\/\\\/freetours.ro\\\/contact\\\/\",\"name\":\"Contact - FreeTours.ro\",\"isPartOf\":{\"@id\":\"https:\\\/\\\/freetours.ro\\\/#website\"},\"primaryImageOfPage\":{\"@id\":\"https:\\\/\\\/freetours.ro\\\/contact\\\/#primaryimage\"},\"image\":{\"@id\":\"https:\\\/\\\/freetours.ro\\\/contact\\\/#primaryimage\"},\"thumbnailUrl\":\"https:\\\/\\\/freetours.ro\\\/wp-content\\\/plugins\\\/wpforms-lite\\\/assets\\\/images\\\/submit-spin.svg\",\"datePublished\":\"2025-09-10T22:44:50+00:00\",\"dateModified\":\"2025-09-10T22:54:20+00:00\",\"breadcrumb\":{\"@id\":\"https:\\\/\\\/freetours.ro\\\/contact\\\/#breadcrumb\"},\"inLanguage\":\"en-GB\",\"potentialAction\":[{\"@type\":\"ReadAction\",\"target\":[\"https:\\\/\\\/freetours.ro\\\/contact\\\/\"]}]},{\"@type\":\"ImageObject\",\"inLanguage\":\"en-GB\",\"@id\":\"https:\\\/\\\/freetours.ro\\\/contact\\\/#primaryimage\",\"url\":\"https:\\\/\\\/freetours.ro\\\/wp-content\\\/plugins\\\/wpforms-lite\\\/assets\\\/images\\\/submit-spin.svg\",\"contentUrl\":\"https:\\\/\\\/freetours.ro\\\/wp-content\\\/plugins\\\/wpforms-lite\\\/assets\\\/images\\\/submit-spin.svg\"},{\"@type\":\"BreadcrumbList\",\"@id\":\"https:\\\/\\\/freetours.ro\\\/contact\\\/#breadcrumb\",\"itemListElement\":[{\"@type\":\"ListItem\",\"position\":1,\"name\":\"Home\",\"item\":\"https:\\\/\\\/freetours.ro\\\/\"},{\"@type\":\"ListItem\",\"position\":2,\"name\":\"Contact\"}]},{\"@type\":\"WebSite\",\"@id\":\"https:\\\/\\\/freetours.ro\\\/#website\",\"url\":\"https:\\\/\\\/freetours.ro\\\/\",\"name\":\"FreeTours.ro\",\"description\":\"Alternative tourism with local guides\",\"publisher\":{\"@id\":\"https:\\\/\\\/freetours.ro\\\/#organization\"},\"potentialAction\":[{\"@type\":\"SearchAction\",\"target\":{\"@type\":\"EntryPoint\",\"urlTemplate\":\"https:\\\/\\\/freetours.ro\\\/?s={search_term_string}\"},\"query-input\":{\"@type\":\"PropertyValueSpecification\",\"valueRequired\":true,\"valueName\":\"search_term_string\"}}],\"inLanguage\":\"en-GB\"},{\"@type\":\"Organization\",\"@id\":\"https:\\\/\\\/freetours.ro\\\/#organization\",\"name\":\"FreeTours.ro\",\"url\":\"https:\\\/\\\/freetours.ro\\\/\",\"logo\":{\"@type\":\"ImageObject\",\"inLanguage\":\"en-GB\",\"@id\":\"https:\\\/\\\/freetours.ro\\\/#\\\/schema\\\/logo\\\/image\\\/\",\"url\":\"https:\\\/\\\/i0.wp.com\\\/freetours.ro\\\/wp-content\\\/uploads\\\/2025\\\/09\\\/Logo-albastru-scaled.jpg?fit=2560%2C1810&ssl=1\",\"contentUrl\":\"https:\\\/\\\/i0.wp.com\\\/freetours.ro\\\/wp-content\\\/uploads\\\/2025\\\/09\\\/Logo-albastru-scaled.jpg?fit=2560%2C1810&ssl=1\",\"width\":2560,\"height\":1810,\"caption\":\"FreeTours.ro\"},\"image\":{\"@id\":\"https:\\\/\\\/freetours.ro\\\/#\\\/schema\\\/logo\\\/image\\\/\"}}]}<\/script>\n<!-- \/ Yoast SEO plugin. -->","yoast_head_json":{"title":"Contact - FreeTours.ro","robots":{"index":"index","follow":"follow","max-snippet":"max-snippet:-1","max-image-preview":"max-image-preview:large","max-video-preview":"max-video-preview:-1"},"canonical":"https:\/\/freetours.ro\/en\/contact\/","og_locale":"en_GB","og_type":"article","og_title":"Contact - FreeTours.ro","og_description":"CONTACT \u00a0 ASOCIA\u021aIA TURISM ALTERNATIV Ne pute\u021bi contacta prin urm\u0103toarele metode: Adresa: Ulmului 17, AradTelefon: +40 724 362 434Email: contact@freetours.com Please enable JavaScript in your browser to complete this form.Please enable JavaScript in your browser to complete this form.Nume \u0219i prenume *Email *Mesajul t\u0103u * Submit","og_url":"https:\/\/freetours.ro\/en\/contact\/","og_site_name":"FreeTours.ro","article_modified_time":"2025-09-10T22:54:20+00:00","og_image":[{"url":"https:\/\/freetours.ro\/wp-content\/plugins\/wpforms-lite\/assets\/images\/submit-spin.svg","type":"","width":"","height":""}],"twitter_card":"summary_large_image","twitter_misc":{"Estimated reading time":"1 minute"},"schema":{"@context":"https:\/\/schema.org","@graph":[{"@type":"WebPage","@id":"https:\/\/freetours.ro\/contact\/","url":"https:\/\/freetours.ro\/contact\/","name":"Contact - FreeTours.ro","isPartOf":{"@id":"https:\/\/freetours.ro\/#website"},"primaryImageOfPage":{"@id":"https:\/\/freetours.ro\/contact\/#primaryimage"},"image":{"@id":"https:\/\/freetours.ro\/contact\/#primaryimage"},"thumbnailUrl":"https:\/\/freetours.ro\/wp-content\/plugins\/wpforms-lite\/assets\/images\/submit-spin.svg","datePublished":"2025-09-10T22:44:50+00:00","dateModified":"2025-09-10T22:54:20+00:00","breadcrumb":{"@id":"https:\/\/freetours.ro\/contact\/#breadcrumb"},"inLanguage":"en-GB","potentialAction":[{"@type":"ReadAction","target":["https:\/\/freetours.ro\/contact\/"]}]},{"@type":"ImageObject","inLanguage":"en-GB","@id":"https:\/\/freetours.ro\/contact\/#primaryimage","url":"https:\/\/freetours.ro\/wp-content\/plugins\/wpforms-lite\/assets\/images\/submit-spin.svg","contentUrl":"https:\/\/freetours.ro\/wp-content\/plugins\/wpforms-lite\/assets\/images\/submit-spin.svg"},{"@type":"BreadcrumbList","@id":"https:\/\/freetours.ro\/contact\/#breadcrumb","itemListElement":[{"@type":"ListItem","position":1,"name":"Home","item":"https:\/\/freetours.ro\/"},{"@type":"ListItem","position":2,"name":"Contact"}]},{"@type":"WebSite","@id":"https:\/\/freetours.ro\/#website","url":"https:\/\/freetours.ro\/","name":"FreeTours.ro","description":"Alternative tourism with local guides","publisher":{"@id":"https:\/\/freetours.ro\/#organization"},"potentialAction":[{"@type":"SearchAction","target":{"@type":"EntryPoint","urlTemplate":"https:\/\/freetours.ro\/?s={search_term_string}"},"query-input":{"@type":"PropertyValueSpecification","valueRequired":true,"valueName":"search_term_string"}}],"inLanguage":"en-GB"},{"@type":"Organization","@id":"https:\/\/freetours.ro\/#organization","name":"FreeTours.ro","url":"https:\/\/freetours.ro\/","logo":{"@type":"ImageObject","inLanguage":"en-GB","@id":"https:\/\/freetours.ro\/#\/schema\/logo\/image\/","url":"https:\/\/i0.wp.com\/freetours.ro\/wp-content\/uploads\/2025\/09\/Logo-albastru-scaled.jpg?fit=2560%2C1810&ssl=1","contentUrl":"https:\/\/i0.wp.com\/freetours.ro\/wp-content\/uploads\/2025\/09\/Logo-albastru-scaled.jpg?fit=2560%2C1810&ssl=1","width":2560,"height":1810,"caption":"FreeTours.ro"},"image":{"@id":"https:\/\/freetours.ro\/#\/schema\/logo\/image\/"}}]}},"jetpack_sharing_enabled":true,"_links":{"self":[{"href":"https:\/\/freetours.ro\/en\/wp-json\/wp\/v2\/pages\/440","targetHints":{"allow":["GET"]}}],"collection":[{"href":"https:\/\/freetours.ro\/en\/wp-json\/wp\/v2\/pages"}],"about":[{"href":"https:\/\/freetours.ro\/en\/wp-json\/wp\/v2\/types\/page"}],"author":[{"embeddable":true,"href":"https:\/\/freetours.ro\/en\/wp-json\/wp\/v2\/users\/1"}],"replies":[{"embeddable":true,"href":"https:\/\/freetours.ro\/en\/wp-json\/wp\/v2\/comments?post=440"}],"version-history":[{"count":5,"href":"https:\/\/freetours.ro\/en\/wp-json\/wp\/v2\/pages\/440\/revisions"}],"predecessor-version":[{"id":450,"href":"https:\/\/freetours.ro\/en\/wp-json\/wp\/v2\/pages\/440\/revisions\/450"}],"wp:attachment":[{"href":"https:\/\/freetours.ro\/en\/wp-json\/wp\/v2\/media?parent=440"}],"curies":[{"name":"wp","href":"https:\/\/api.w.org\/{rel}","templated":true}]}}