{"id":367,"date":"2025-09-10T21:42:39","date_gmt":"2025-09-10T21:42:39","guid":{"rendered":"https:\/\/freetours.ro\/?page_id=367"},"modified":"2025-11-14T22:19:18","modified_gmt":"2025-11-14T20:19:18","slug":"orasul-tau","status":"publish","type":"page","link":"https:\/\/freetours.ro\/en\/orasul-tau\/","title":{"rendered":"Ora\u0219ul t\u0103u"},"content":{"rendered":"<div data-elementor-type=\"wp-page\" data-elementor-id=\"367\" class=\"elementor elementor-367\">\n\t\t\t\t<div class=\"elementor-element elementor-element-6ffc126 e-flex e-con-boxed wpr-particle-no wpr-jarallax-no wpr-parallax-no wpr-sticky-section-no wpr-column-slider-no wpr-equal-height-no e-con e-parent\" data-id=\"6ffc126\" data-element_type=\"container\" data-e-type=\"container\" data-settings=\"{&quot;background_background&quot;:&quot;gradient&quot;}\">\n\t\t\t\t\t<div class=\"e-con-inner\">\n\t\t\t\t<div class=\"elementor-element elementor-element-a2b6b24 premium-header-inline-block premium-lq__none premium-box-lq__none elementor-invisible elementor-widget elementor-widget-premium-addon-dual-header\" data-id=\"a2b6b24\" data-element_type=\"widget\" data-e-type=\"widget\" data-settings=\"{&quot;_animation&quot;:&quot;fadeIn&quot;}\" data-widget_type=\"premium-addon-dual-header.default\">\n\t\t\t\t\t\n\t\t<div class=\"elementor-widget-container\">\n\t\t<div class=\"premium-dual-header-wrapper\">\n\t\t\t\t\t<h2 class=\"premium-dual-header-first-header\"><span class=\"premium-dual-header-first-span\">YOUR CITY <\/span><\/h2> \t\t\t\t\t\t<\/div>\n\t\t<\/div>\n\n\t\t\t\t\t\t<\/div>\n\t\t\t\t<div class=\"elementor-element elementor-element-eda3804 premium-adv-carousel__infinite premium-adv-carousel__horizontal elementor-widget elementor-widget-premium-media-wheel\" data-id=\"eda3804\" data-element_type=\"widget\" data-e-type=\"widget\" data-widget_type=\"premium-media-wheel.default\">\n\t\t\t\t\t\t\t<div class=\"premium-adv-carousel-no-lightbox premium-adv-carousel__container\" data-settings=\"{&quot;type&quot;:&quot;infinite&quot;,&quot;scroll&quot;:false,&quot;speed&quot;:75,&quot;pauseOnHover&quot;:true,&quot;dir&quot;:&quot;horizontal&quot;,&quot;reverse&quot;:&quot;normal&quot;,&quot;renderEvent&quot;:&quot;scroll&quot;}\">\n\n\t\t\t<div style=\"visibility:hidden;\" class=\"premium-adv-carousel__inner-container\">\n\n\t\t\t\t<div class=\"premium-adv-carousel__items\">\n\n\t\t\t\t\t\t\t\t<div class=\"premium-adv-carousel__item-outer-wrapper\">\n\t\t\t\t<div class=\"elementor-repeater-item-ee6e3cc premium-adv-carousel__item premium-adv-carousel__item-image\">\n\t\t\t\t\t<div class=\"premium-adv-carousel__media-wrap\">\n\t\t\t\t\t\t\t\t\t\t\t\t\t\t<img decoding=\"async\" src=\"https:\/\/i0.wp.com\/freetours.ro\/wp-content\/uploads\/2025\/09\/oras-1.jpg?fit=2048%2C1365&#038;ssl=1\" alt=\"oras 1\" class=\"premium-adv-carousel__item-img\">\n\t\t\t\t\t\t\t\t\t\t\t\t<\/div>\n\n\t\t\t\t\t\n\t\t\t\t\t\t\t\t\t<\/div>\n\t\t\t<\/div>\n\t\t\t\t\t\t<div class=\"premium-adv-carousel__item-outer-wrapper\">\n\t\t\t\t<div class=\"elementor-repeater-item-771127d premium-adv-carousel__item premium-adv-carousel__item-image\">\n\t\t\t\t\t<div class=\"premium-adv-carousel__media-wrap\">\n\t\t\t\t\t\t\t\t\t\t\t\t\t\t<img decoding=\"async\" src=\"https:\/\/i0.wp.com\/freetours.ro\/wp-content\/uploads\/2025\/09\/Oras-4-scaled.jpg?fit=2560%2C1707&#038;ssl=1\" alt=\"Oras 4\" class=\"premium-adv-carousel__item-img\">\n\t\t\t\t\t\t\t\t\t\t\t\t<\/div>\n\n\t\t\t\t\t\n\t\t\t\t\t\t\t\t\t<\/div>\n\t\t\t<\/div>\n\t\t\t\t\t\t<div class=\"premium-adv-carousel__item-outer-wrapper\">\n\t\t\t\t<div class=\"elementor-repeater-item-7cda93c premium-adv-carousel__item premium-adv-carousel__item-image\">\n\t\t\t\t\t<div class=\"premium-adv-carousel__media-wrap\">\n\t\t\t\t\t\t\t\t\t\t\t\t\t\t<img decoding=\"async\" src=\"https:\/\/i0.wp.com\/freetours.ro\/wp-content\/uploads\/2025\/09\/Oras-2.jpg?fit=1786%2C1191&#038;ssl=1\" alt=\"Oras 2\" class=\"premium-adv-carousel__item-img\">\n\t\t\t\t\t\t\t\t\t\t\t\t<\/div>\n\n\t\t\t\t\t\n\t\t\t\t\t\t\t\t\t<\/div>\n\t\t\t<\/div>\n\t\t\t\t\t\t<div class=\"premium-adv-carousel__item-outer-wrapper\">\n\t\t\t\t<div class=\"elementor-repeater-item-ba40296 premium-adv-carousel__item premium-adv-carousel__item-image\">\n\t\t\t\t\t<div class=\"premium-adv-carousel__media-wrap\">\n\t\t\t\t\t\t\t\t\t\t\t\t\t\t<img decoding=\"async\" src=\"https:\/\/i0.wp.com\/freetours.ro\/wp-content\/uploads\/2025\/09\/Oras-3.jpg?fit=2048%2C1365&#038;ssl=1\" alt=\"Oras 3\" class=\"premium-adv-carousel__item-img\">\n\t\t\t\t\t\t\t\t\t\t\t\t<\/div>\n\n\t\t\t\t\t\n\t\t\t\t\t\t\t\t\t<\/div>\n\t\t\t<\/div>\n\t\t\t\t\t\t\t<\/div>\n\t\t\t<\/div>\n\t\t<\/div>\n\t\t\t\t\t\t<\/div>\n\t\t\t\t<div class=\"elementor-element elementor-element-e7c6f15 elementor-invisible elementor-widget elementor-widget-text-editor\" data-id=\"e7c6f15\" data-element_type=\"widget\" data-e-type=\"widget\" data-settings=\"{&quot;_animation&quot;:&quot;fadeInDown&quot;}\" data-widget_type=\"text-editor.default\">\n\t\t\t\t\t\t\t\t\t<p>In 2013, we founded the Arad Free Tours project, through which we offer free tours to tourists visiting Arad, on a volunteer basis. It was the first city outside of Romania's tourist poles to implement the concept of free tours at a local level.<\/p>\t\t\t\t\t\t\t\t<\/div>\n\t\t\t\t<div class=\"elementor-element elementor-element-bb764ff elementor-invisible elementor-widget elementor-widget-text-editor\" data-id=\"bb764ff\" data-element_type=\"widget\" data-e-type=\"widget\" data-settings=\"{&quot;_animation&quot;:&quot;fadeInLeft&quot;}\" data-widget_type=\"text-editor.default\">\n\t\t\t\t\t\t\t\t\t<p>The next step, which came naturally, was to expand the project \u2013 or rather adapt it \u2013 to Timi\u0219oara, located a few dozen kilometers away from Arad. After four years of activity in Timi\u0219oara, the project also expanded to Alba Iulia, another city with exceptional tourism potential.<\/p>\t\t\t\t\t\t\t\t<\/div>\n\t\t\t\t<div class=\"elementor-element elementor-element-53ca769 elementor-invisible elementor-widget elementor-widget-text-editor\" data-id=\"53ca769\" data-element_type=\"widget\" data-e-type=\"widget\" data-settings=\"{&quot;_animation&quot;:&quot;fadeInRight&quot;}\" data-widget_type=\"text-editor.default\">\n\t\t\t\t\t\t\t\t\t<p>Seeing that the Arad Free Tours model can be replicated both in cities with a large number of tourists and in cities that are not usually in the travelers' intentions, we decided to create a network of projects of this type. This led to the creation of the FreeTours.ro platform, which aims to be a national hub that brings together local initiatives and facilitates the replication of projects from the three cities in new ones. We want to reach a portfolio of 8 cities in the coming years \u2013 two of which are already in preparation. In the long term, our goal is to have identical projects in at least 15 cities.<\/p>\t\t\t\t\t\t\t\t<\/div>\n\t\t<div class=\"elementor-element elementor-element-54d44e7 e-grid e-con-full wpr-particle-no wpr-jarallax-no wpr-parallax-no wpr-sticky-section-no wpr-column-slider-no wpr-equal-height-no e-con e-child\" data-id=\"54d44e7\" data-element_type=\"container\" data-e-type=\"container\">\n\t\t\t\t<div class=\"elementor-element elementor-element-2683d7f elementor-invisible elementor-widget elementor-widget-text-editor\" data-id=\"2683d7f\" data-element_type=\"widget\" data-e-type=\"widget\" data-settings=\"{&quot;_animation&quot;:&quot;fadeInUp&quot;}\" data-widget_type=\"text-editor.default\">\n\t\t\t\t\t\t\t\t\t<p>Are you a tour guide or are you passionate about the history of your city, do you know its stories better than most residents and do you want to help others find out the interesting stories hidden on the city's streets?<\/p><p>Perfect!\u00a0<\/p><p>We are always looking for people to join our projects and support us in expanding the FreeTours.ro network, so if you want to join us and support us in our mission to provide tourists with quality services throughout Romania, we are waiting for your message.<\/p><p><span style=\"color: #d61f26;\"><strong>USE THE FORM BELOW TO CONTACT US!<\/strong><\/span><\/p>\t\t\t\t\t\t\t\t<\/div>\n\t\t\t\t<div class=\"elementor-element elementor-element-12d76b4 elementor-widget elementor-widget-image\" data-id=\"12d76b4\" data-element_type=\"widget\" data-e-type=\"widget\" data-widget_type=\"image.default\">\n\t\t\t\t\t\t\t\t\t\t\t\t\t\t\t<img fetchpriority=\"high\" decoding=\"async\" width=\"665\" height=\"370\" src=\"https:\/\/freetours.ro\/wp-content\/uploads\/2025\/09\/Your-City.jpg\" class=\"attachment-large size-large wp-image-406\" alt=\"\" srcset=\"https:\/\/i0.wp.com\/freetours.ro\/wp-content\/uploads\/2025\/09\/Your-City.jpg?w=665&ssl=1 665w, https:\/\/i0.wp.com\/freetours.ro\/wp-content\/uploads\/2025\/09\/Your-City.jpg?resize=300%2C167&ssl=1 300w, https:\/\/i0.wp.com\/freetours.ro\/wp-content\/uploads\/2025\/09\/Your-City.jpg?resize=18%2C10&ssl=1 18w\" sizes=\"(max-width: 665px) 100vw, 665px\" \/>\t\t\t\t\t\t\t\t\t\t\t\t\t\t\t<\/div>\n\t\t\t\t<\/div>\n\t\t\t\t<div class=\"elementor-element elementor-element-e16e42f elementor-widget elementor-widget-html\" data-id=\"e16e42f\" data-element_type=\"widget\" data-e-type=\"widget\" data-widget_type=\"html.default\">\n\t\t\t\t\t<iframe src=\"https:\/\/docs.google.com\/forms\/d\/e\/1FAIpQLSe-LFvIWSwSLKkZ13fz0NRBDgu6u_P-2caYL06uVdE0HMAn3g\/viewform?embedded=true\" width=\"640\" height=\"3085\" frameborder=\"0\" marginheight=\"0\" marginwidth=\"0\">Loading\u2026<\/iframe>\t\t\t\t<\/div>\n\t\t\t\t\t<\/div>\n\t\t\t\t<\/div>\n\t\t\t\t<\/div>","protected":false},"excerpt":{"rendered":"<p>ORA\u0218UL T\u0102U \u00cen 2013 am pus bazele proiectului Arad Free Tours, prin care oferim turi\u0219tilor ce viziteaz\u0103 Aradul tururi gratuite, pe baz\u0103 de voluntariat. A fost primul ora\u0219 din afara polurilor turistice ale Rom\u00e2niei care implementa conceptul de free tours la nivel local. Urm\u0103torul pas, care a venit natural, a fost extinderea proiectului &#8211; sau mai degrab\u0103 adaptarea lui &#8211; \u00een Timi\u0219oara, aflat la c\u00e2teva zeci de kilometri distan\u021b\u0103 de Arad. Dup\u0103 patru ani de activitate la Timi\u0219oara, proiectul s-a extins \u0219i la Alba Iulia, un alt ora\u0219 cu un poten\u021bial turistic de excep\u021bie. V\u0103z\u00e2nd c\u0103 modelul Arad Free Tours poate fi replicat at\u00e2t \u00een ora\u0219e cu num\u0103r mare de turi\u0219ti, c\u00e2t \u0219i \u00een ora\u0219e care de regul\u0103 nu se afl\u0103 \u00een inten\u021biile c\u0103l\u0103torilor, am luat decizia s\u0103 cre\u0103m o re\u021ba de proiecte de tipul acesta. Asta a dus la crearea platformei FreeTours.ro, care se dore\u0219te a fi un hub na\u021bional care s\u0103 reuneasc\u0103 ini\u021biative locale \u0219i s\u0103 faciliteze replicarea proiectelor din cele trei ora\u0219e \u00een altele noi. Ne dorim ca \u00een urm\u0103torii ani s\u0103 ajungem la un portofoliu de 8 ora\u0219e \u2013 dou\u0103 fiind deja \u00een preg\u0103tire. Pe termen lung, scopul nostru este s\u0103 avem proiecte identice \u00een cel pu\u021bin 15 ora\u0219e. E\u0219ti ghid de turism sau e\u0219ti pasionat de istoria ora\u0219ului t\u0103u, \u00eei cuno\u0219ti pove\u0219tile mai bine dec\u00e2t majoritatea locuitorilor \u0219i dore\u0219ti s\u0103 \u00eei aju\u021bi \u0219i pe al\u021bii s\u0103 afle istorioarele interesante ce se ascund pe str\u0103zile ora\u0219ului? Perfect!\u00a0 Suntem mereu \u00een c\u0103utare de persoane care s\u0103 se al\u0103ture proiectelor noastre \u0219i s\u0103 ne sprijine \u00een extinderea re\u021belei FreeTours.ro, a\u0219a c\u0103 dac\u0103 vrei s\u0103 ni te al\u0103turi \u0219i s\u0103 ne sprijini \u00een misiunea noastr\u0103 de a le oferi turi\u0219tilor servicii de calitate \u00een toat\u0103 Rom\u00e2nia, a\u0219tept\u0103m mesajul t\u0103u. FOLOSE\u0218TE FORMULARUL DE MAI JOS PENTRU A NE CONTACTA! Loading\u2026<\/p>","protected":false},"author":1,"featured_media":0,"parent":0,"menu_order":0,"comment_status":"closed","ping_status":"closed","template":"elementor_header_footer","meta":{"nf_dc_page":"","om_disable_all_campaigns":false,"_monsterinsights_skip_tracking":false,"_monsterinsights_sitenote_active":false,"_monsterinsights_sitenote_note":"","_monsterinsights_sitenote_category":0,"postBodyCss":"","postBodyMargin":[],"postBodyPadding":[],"postBodyBackground":{"backgroundType":"classic","gradient":""},"footnotes":""},"class_list":["post-367","page","type-page","status-publish","hentry"],"yoast_head":"<!-- This site is optimized with the Yoast SEO plugin v27.6 - https:\/\/yoast.com\/product\/yoast-seo-wordpress\/ -->\n<title>Ora\u0219ul t\u0103u - FreeTours.ro<\/title>\n<meta name=\"robots\" content=\"index, follow, max-snippet:-1, max-image-preview:large, max-video-preview:-1\" \/>\n<link rel=\"canonical\" href=\"https:\/\/freetours.ro\/en\/orasul-tau\/\" \/>\n<meta property=\"og:locale\" content=\"en_GB\" \/>\n<meta property=\"og:type\" content=\"article\" \/>\n<meta property=\"og:title\" content=\"Ora\u0219ul t\u0103u - FreeTours.ro\" \/>\n<meta property=\"og:description\" content=\"ORA\u0218UL T\u0102U \u00cen 2013 am pus bazele proiectului Arad Free Tours, prin care oferim turi\u0219tilor ce viziteaz\u0103 Aradul tururi gratuite, pe baz\u0103 de voluntariat. A fost primul ora\u0219 din afara polurilor turistice ale Rom\u00e2niei care implementa conceptul de free tours la nivel local. Urm\u0103torul pas, care a venit natural, a fost extinderea proiectului &#8211; sau mai degrab\u0103 adaptarea lui &#8211; \u00een Timi\u0219oara, aflat la c\u00e2teva zeci de kilometri distan\u021b\u0103 de Arad. Dup\u0103 patru ani de activitate la Timi\u0219oara, proiectul s-a extins \u0219i la Alba Iulia, un alt ora\u0219 cu un poten\u021bial turistic de excep\u021bie. V\u0103z\u00e2nd c\u0103 modelul Arad Free Tours poate fi replicat at\u00e2t \u00een ora\u0219e cu num\u0103r mare de turi\u0219ti, c\u00e2t \u0219i \u00een ora\u0219e care de regul\u0103 nu se afl\u0103 \u00een inten\u021biile c\u0103l\u0103torilor, am luat decizia s\u0103 cre\u0103m o re\u021ba de proiecte de tipul acesta. Asta a dus la crearea platformei FreeTours.ro, care se dore\u0219te a fi un hub na\u021bional care s\u0103 reuneasc\u0103 ini\u021biative locale \u0219i s\u0103 faciliteze replicarea proiectelor din cele trei ora\u0219e \u00een altele noi. Ne dorim ca \u00een urm\u0103torii ani s\u0103 ajungem la un portofoliu de 8 ora\u0219e \u2013 dou\u0103 fiind deja \u00een preg\u0103tire. Pe termen lung, scopul nostru este s\u0103 avem proiecte identice \u00een cel pu\u021bin 15 ora\u0219e. E\u0219ti ghid de turism sau e\u0219ti pasionat de istoria ora\u0219ului t\u0103u, \u00eei cuno\u0219ti pove\u0219tile mai bine dec\u00e2t majoritatea locuitorilor \u0219i dore\u0219ti s\u0103 \u00eei aju\u021bi \u0219i pe al\u021bii s\u0103 afle istorioarele interesante ce se ascund pe str\u0103zile ora\u0219ului? Perfect!\u00a0 Suntem mereu \u00een c\u0103utare de persoane care s\u0103 se al\u0103ture proiectelor noastre \u0219i s\u0103 ne sprijine \u00een extinderea re\u021belei FreeTours.ro, a\u0219a c\u0103 dac\u0103 vrei s\u0103 ni te al\u0103turi \u0219i s\u0103 ne sprijini \u00een misiunea noastr\u0103 de a le oferi turi\u0219tilor servicii de calitate \u00een toat\u0103 Rom\u00e2nia, a\u0219tept\u0103m mesajul t\u0103u. FOLOSE\u0218TE FORMULARUL DE MAI JOS PENTRU A NE CONTACTA! Loading\u2026\" \/>\n<meta property=\"og:url\" content=\"https:\/\/freetours.ro\/en\/orasul-tau\/\" \/>\n<meta property=\"og:site_name\" content=\"FreeTours.ro\" \/>\n<meta property=\"article:modified_time\" content=\"2025-11-14T20:19:18+00:00\" \/>\n<meta property=\"og:image\" content=\"https:\/\/freetours.ro\/wp-content\/uploads\/2025\/09\/oras-1.jpg\" \/>\n<meta name=\"twitter:card\" content=\"summary_large_image\" \/>\n<meta name=\"twitter:label1\" content=\"Estimated reading time\" \/>\n\t<meta name=\"twitter:data1\" content=\"1 minute\" \/>\n<script type=\"application\/ld+json\" class=\"yoast-schema-graph\">{\"@context\":\"https:\\\/\\\/schema.org\",\"@graph\":[{\"@type\":\"WebPage\",\"@id\":\"https:\\\/\\\/freetours.ro\\\/orasul-tau\\\/\",\"url\":\"https:\\\/\\\/freetours.ro\\\/orasul-tau\\\/\",\"name\":\"Ora\u0219ul t\u0103u - FreeTours.ro\",\"isPartOf\":{\"@id\":\"https:\\\/\\\/freetours.ro\\\/#website\"},\"primaryImageOfPage\":{\"@id\":\"https:\\\/\\\/freetours.ro\\\/orasul-tau\\\/#primaryimage\"},\"image\":{\"@id\":\"https:\\\/\\\/freetours.ro\\\/orasul-tau\\\/#primaryimage\"},\"thumbnailUrl\":\"https:\\\/\\\/freetours.ro\\\/wp-content\\\/uploads\\\/2025\\\/09\\\/oras-1.jpg\",\"datePublished\":\"2025-09-10T21:42:39+00:00\",\"dateModified\":\"2025-11-14T20:19:18+00:00\",\"breadcrumb\":{\"@id\":\"https:\\\/\\\/freetours.ro\\\/orasul-tau\\\/#breadcrumb\"},\"inLanguage\":\"en-GB\",\"potentialAction\":[{\"@type\":\"ReadAction\",\"target\":[\"https:\\\/\\\/freetours.ro\\\/orasul-tau\\\/\"]}]},{\"@type\":\"ImageObject\",\"inLanguage\":\"en-GB\",\"@id\":\"https:\\\/\\\/freetours.ro\\\/orasul-tau\\\/#primaryimage\",\"url\":\"https:\\\/\\\/freetours.ro\\\/wp-content\\\/uploads\\\/2025\\\/09\\\/oras-1.jpg\",\"contentUrl\":\"https:\\\/\\\/freetours.ro\\\/wp-content\\\/uploads\\\/2025\\\/09\\\/oras-1.jpg\"},{\"@type\":\"BreadcrumbList\",\"@id\":\"https:\\\/\\\/freetours.ro\\\/orasul-tau\\\/#breadcrumb\",\"itemListElement\":[{\"@type\":\"ListItem\",\"position\":1,\"name\":\"Home\",\"item\":\"https:\\\/\\\/freetours.ro\\\/\"},{\"@type\":\"ListItem\",\"position\":2,\"name\":\"Ora\u0219ul t\u0103u\"}]},{\"@type\":\"WebSite\",\"@id\":\"https:\\\/\\\/freetours.ro\\\/#website\",\"url\":\"https:\\\/\\\/freetours.ro\\\/\",\"name\":\"FreeTours.ro\",\"description\":\"Alternative tourism with local guides\",\"publisher\":{\"@id\":\"https:\\\/\\\/freetours.ro\\\/#organization\"},\"potentialAction\":[{\"@type\":\"SearchAction\",\"target\":{\"@type\":\"EntryPoint\",\"urlTemplate\":\"https:\\\/\\\/freetours.ro\\\/?s={search_term_string}\"},\"query-input\":{\"@type\":\"PropertyValueSpecification\",\"valueRequired\":true,\"valueName\":\"search_term_string\"}}],\"inLanguage\":\"en-GB\"},{\"@type\":\"Organization\",\"@id\":\"https:\\\/\\\/freetours.ro\\\/#organization\",\"name\":\"FreeTours.ro\",\"url\":\"https:\\\/\\\/freetours.ro\\\/\",\"logo\":{\"@type\":\"ImageObject\",\"inLanguage\":\"en-GB\",\"@id\":\"https:\\\/\\\/freetours.ro\\\/#\\\/schema\\\/logo\\\/image\\\/\",\"url\":\"https:\\\/\\\/i0.wp.com\\\/freetours.ro\\\/wp-content\\\/uploads\\\/2025\\\/09\\\/Logo-albastru-scaled.jpg?fit=2560%2C1810&ssl=1\",\"contentUrl\":\"https:\\\/\\\/i0.wp.com\\\/freetours.ro\\\/wp-content\\\/uploads\\\/2025\\\/09\\\/Logo-albastru-scaled.jpg?fit=2560%2C1810&ssl=1\",\"width\":2560,\"height\":1810,\"caption\":\"FreeTours.ro\"},\"image\":{\"@id\":\"https:\\\/\\\/freetours.ro\\\/#\\\/schema\\\/logo\\\/image\\\/\"}}]}<\/script>\n<!-- \/ Yoast SEO plugin. -->","yoast_head_json":{"title":"Ora\u0219ul t\u0103u - FreeTours.ro","robots":{"index":"index","follow":"follow","max-snippet":"max-snippet:-1","max-image-preview":"max-image-preview:large","max-video-preview":"max-video-preview:-1"},"canonical":"https:\/\/freetours.ro\/en\/orasul-tau\/","og_locale":"en_GB","og_type":"article","og_title":"Ora\u0219ul t\u0103u - FreeTours.ro","og_description":"ORA\u0218UL T\u0102U \u00cen 2013 am pus bazele proiectului Arad Free Tours, prin care oferim turi\u0219tilor ce viziteaz\u0103 Aradul tururi gratuite, pe baz\u0103 de voluntariat. A fost primul ora\u0219 din afara polurilor turistice ale Rom\u00e2niei care implementa conceptul de free tours la nivel local. Urm\u0103torul pas, care a venit natural, a fost extinderea proiectului &#8211; sau mai degrab\u0103 adaptarea lui &#8211; \u00een Timi\u0219oara, aflat la c\u00e2teva zeci de kilometri distan\u021b\u0103 de Arad. Dup\u0103 patru ani de activitate la Timi\u0219oara, proiectul s-a extins \u0219i la Alba Iulia, un alt ora\u0219 cu un poten\u021bial turistic de excep\u021bie. V\u0103z\u00e2nd c\u0103 modelul Arad Free Tours poate fi replicat at\u00e2t \u00een ora\u0219e cu num\u0103r mare de turi\u0219ti, c\u00e2t \u0219i \u00een ora\u0219e care de regul\u0103 nu se afl\u0103 \u00een inten\u021biile c\u0103l\u0103torilor, am luat decizia s\u0103 cre\u0103m o re\u021ba de proiecte de tipul acesta. Asta a dus la crearea platformei FreeTours.ro, care se dore\u0219te a fi un hub na\u021bional care s\u0103 reuneasc\u0103 ini\u021biative locale \u0219i s\u0103 faciliteze replicarea proiectelor din cele trei ora\u0219e \u00een altele noi. Ne dorim ca \u00een urm\u0103torii ani s\u0103 ajungem la un portofoliu de 8 ora\u0219e \u2013 dou\u0103 fiind deja \u00een preg\u0103tire. Pe termen lung, scopul nostru este s\u0103 avem proiecte identice \u00een cel pu\u021bin 15 ora\u0219e. E\u0219ti ghid de turism sau e\u0219ti pasionat de istoria ora\u0219ului t\u0103u, \u00eei cuno\u0219ti pove\u0219tile mai bine dec\u00e2t majoritatea locuitorilor \u0219i dore\u0219ti s\u0103 \u00eei aju\u021bi \u0219i pe al\u021bii s\u0103 afle istorioarele interesante ce se ascund pe str\u0103zile ora\u0219ului? Perfect!\u00a0 Suntem mereu \u00een c\u0103utare de persoane care s\u0103 se al\u0103ture proiectelor noastre \u0219i s\u0103 ne sprijine \u00een extinderea re\u021belei FreeTours.ro, a\u0219a c\u0103 dac\u0103 vrei s\u0103 ni te al\u0103turi \u0219i s\u0103 ne sprijini \u00een misiunea noastr\u0103 de a le oferi turi\u0219tilor servicii de calitate \u00een toat\u0103 Rom\u00e2nia, a\u0219tept\u0103m mesajul t\u0103u. FOLOSE\u0218TE FORMULARUL DE MAI JOS PENTRU A NE CONTACTA! Loading\u2026","og_url":"https:\/\/freetours.ro\/en\/orasul-tau\/","og_site_name":"FreeTours.ro","article_modified_time":"2025-11-14T20:19:18+00:00","og_image":[{"url":"https:\/\/freetours.ro\/wp-content\/uploads\/2025\/09\/oras-1.jpg","type":"","width":"","height":""}],"twitter_card":"summary_large_image","twitter_misc":{"Estimated reading time":"1 minute"},"schema":{"@context":"https:\/\/schema.org","@graph":[{"@type":"WebPage","@id":"https:\/\/freetours.ro\/orasul-tau\/","url":"https:\/\/freetours.ro\/orasul-tau\/","name":"Ora\u0219ul t\u0103u - FreeTours.ro","isPartOf":{"@id":"https:\/\/freetours.ro\/#website"},"primaryImageOfPage":{"@id":"https:\/\/freetours.ro\/orasul-tau\/#primaryimage"},"image":{"@id":"https:\/\/freetours.ro\/orasul-tau\/#primaryimage"},"thumbnailUrl":"https:\/\/freetours.ro\/wp-content\/uploads\/2025\/09\/oras-1.jpg","datePublished":"2025-09-10T21:42:39+00:00","dateModified":"2025-11-14T20:19:18+00:00","breadcrumb":{"@id":"https:\/\/freetours.ro\/orasul-tau\/#breadcrumb"},"inLanguage":"en-GB","potentialAction":[{"@type":"ReadAction","target":["https:\/\/freetours.ro\/orasul-tau\/"]}]},{"@type":"ImageObject","inLanguage":"en-GB","@id":"https:\/\/freetours.ro\/orasul-tau\/#primaryimage","url":"https:\/\/freetours.ro\/wp-content\/uploads\/2025\/09\/oras-1.jpg","contentUrl":"https:\/\/freetours.ro\/wp-content\/uploads\/2025\/09\/oras-1.jpg"},{"@type":"BreadcrumbList","@id":"https:\/\/freetours.ro\/orasul-tau\/#breadcrumb","itemListElement":[{"@type":"ListItem","position":1,"name":"Home","item":"https:\/\/freetours.ro\/"},{"@type":"ListItem","position":2,"name":"Ora\u0219ul t\u0103u"}]},{"@type":"WebSite","@id":"https:\/\/freetours.ro\/#website","url":"https:\/\/freetours.ro\/","name":"FreeTours.ro","description":"Alternative tourism with local guides","publisher":{"@id":"https:\/\/freetours.ro\/#organization"},"potentialAction":[{"@type":"SearchAction","target":{"@type":"EntryPoint","urlTemplate":"https:\/\/freetours.ro\/?s={search_term_string}"},"query-input":{"@type":"PropertyValueSpecification","valueRequired":true,"valueName":"search_term_string"}}],"inLanguage":"en-GB"},{"@type":"Organization","@id":"https:\/\/freetours.ro\/#organization","name":"FreeTours.ro","url":"https:\/\/freetours.ro\/","logo":{"@type":"ImageObject","inLanguage":"en-GB","@id":"https:\/\/freetours.ro\/#\/schema\/logo\/image\/","url":"https:\/\/i0.wp.com\/freetours.ro\/wp-content\/uploads\/2025\/09\/Logo-albastru-scaled.jpg?fit=2560%2C1810&ssl=1","contentUrl":"https:\/\/i0.wp.com\/freetours.ro\/wp-content\/uploads\/2025\/09\/Logo-albastru-scaled.jpg?fit=2560%2C1810&ssl=1","width":2560,"height":1810,"caption":"FreeTours.ro"},"image":{"@id":"https:\/\/freetours.ro\/#\/schema\/logo\/image\/"}}]}},"jetpack_sharing_enabled":true,"_links":{"self":[{"href":"https:\/\/freetours.ro\/en\/wp-json\/wp\/v2\/pages\/367","targetHints":{"allow":["GET"]}}],"collection":[{"href":"https:\/\/freetours.ro\/en\/wp-json\/wp\/v2\/pages"}],"about":[{"href":"https:\/\/freetours.ro\/en\/wp-json\/wp\/v2\/types\/page"}],"author":[{"embeddable":true,"href":"https:\/\/freetours.ro\/en\/wp-json\/wp\/v2\/users\/1"}],"replies":[{"embeddable":true,"href":"https:\/\/freetours.ro\/en\/wp-json\/wp\/v2\/comments?post=367"}],"version-history":[{"count":5,"href":"https:\/\/freetours.ro\/en\/wp-json\/wp\/v2\/pages\/367\/revisions"}],"predecessor-version":[{"id":826,"href":"https:\/\/freetours.ro\/en\/wp-json\/wp\/v2\/pages\/367\/revisions\/826"}],"wp:attachment":[{"href":"https:\/\/freetours.ro\/en\/wp-json\/wp\/v2\/media?parent=367"}],"curies":[{"name":"wp","href":"https:\/\/api.w.org\/{rel}","templated":true}]}}