{"id":183,"date":"2025-09-09T18:46:08","date_gmt":"2025-09-09T18:46:08","guid":{"rendered":"https:\/\/freetours.ro\/?page_id=183"},"modified":"2025-09-10T22:21:02","modified_gmt":"2025-09-10T22:21:02","slug":"orase","status":"publish","type":"page","link":"https:\/\/freetours.ro\/en\/orase\/","title":{"rendered":"Ora\u0219e"},"content":{"rendered":"<div data-elementor-type=\"wp-page\" data-elementor-id=\"183\" class=\"elementor elementor-183\">\n\t\t\t\t<div class=\"elementor-element elementor-element-62f244d e-flex e-con-boxed wpr-particle-no wpr-jarallax-no wpr-parallax-no wpr-sticky-section-no wpr-column-slider-no wpr-equal-height-no e-con e-parent\" data-id=\"62f244d\" data-element_type=\"container\" data-e-type=\"container\" data-settings=\"{&quot;background_background&quot;:&quot;gradient&quot;}\">\n\t\t\t\t\t<div class=\"e-con-inner\">\n\t\t\t\t<div class=\"elementor-element elementor-element-822db90 elementor-widget elementor-widget-spacer\" data-id=\"822db90\" data-element_type=\"widget\" data-e-type=\"widget\" data-widget_type=\"spacer.default\">\n\t\t\t\t\t\t\t<div class=\"elementor-spacer\">\n\t\t\t<div class=\"elementor-spacer-inner\"><\/div>\n\t\t<\/div>\n\t\t\t\t\t\t<\/div>\n\t\t\t\t<div class=\"elementor-element elementor-element-8f05cad premium-adv-carousel__infinite premium-adv-carousel__horizontal elementor-widget elementor-widget-premium-media-wheel\" data-id=\"8f05cad\" data-element_type=\"widget\" data-e-type=\"widget\" data-widget_type=\"premium-media-wheel.default\">\n\t\t\t\t\t\t\t<div class=\"premium-adv-carousel-no-lightbox premium-adv-carousel__container\" data-settings=\"{&quot;type&quot;:&quot;infinite&quot;,&quot;scroll&quot;:false,&quot;speed&quot;:100,&quot;pauseOnHover&quot;:true,&quot;dir&quot;:&quot;horizontal&quot;,&quot;reverse&quot;:&quot;normal&quot;,&quot;renderEvent&quot;:&quot;load&quot;}\">\n\n\t\t\t<div style=\"visibility:hidden;\" class=\"premium-adv-carousel__inner-container\">\n\n\t\t\t\t<div class=\"premium-adv-carousel__items\">\n\n\t\t\t\t\t\t\t\t<div class=\"premium-adv-carousel__item-outer-wrapper\">\n\t\t\t\t<div class=\"elementor-repeater-item-1c0ef54 premium-adv-carousel__item premium-adv-carousel__item-image\">\n\t\t\t\t\t<div class=\"premium-adv-carousel__media-wrap\">\n\t\t\t\t\t\t\t\t\t\t\t\t\t\t<img decoding=\"async\" src=\"https:\/\/i0.wp.com\/freetours.ro\/wp-content\/uploads\/2025\/09\/Arad-6.jpg?fit=1440%2C960&#038;ssl=1\" alt=\"Arad-6\" class=\"premium-adv-carousel__item-img\">\n\t\t\t\t\t\t\t\t\t\t\t\t<\/div>\n\n\t\t\t\t\t\n\t\t\t\t\t\t\t\t\t<\/div>\n\t\t\t<\/div>\n\t\t\t\t\t\t<div class=\"premium-adv-carousel__item-outer-wrapper\">\n\t\t\t\t<div class=\"elementor-repeater-item-e33553e premium-adv-carousel__item premium-adv-carousel__item-image\">\n\t\t\t\t\t<div class=\"premium-adv-carousel__media-wrap\">\n\t\t\t\t\t\t\t\t\t\t\t\t\t\t<img decoding=\"async\" src=\"https:\/\/i0.wp.com\/freetours.ro\/wp-content\/uploads\/2025\/09\/Timisoara-2.jpg?fit=1440%2C960&#038;ssl=1\" alt=\"Timisoara-2\" class=\"premium-adv-carousel__item-img\">\n\t\t\t\t\t\t\t\t\t\t\t\t<\/div>\n\n\t\t\t\t\t\n\t\t\t\t\t\t\t\t\t<\/div>\n\t\t\t<\/div>\n\t\t\t\t\t\t<div class=\"premium-adv-carousel__item-outer-wrapper\">\n\t\t\t\t<div class=\"elementor-repeater-item-65247f3 premium-adv-carousel__item premium-adv-carousel__item-image\">\n\t\t\t\t\t<div class=\"premium-adv-carousel__media-wrap\">\n\t\t\t\t\t\t\t\t\t\t\t\t\t\t<img decoding=\"async\" src=\"https:\/\/i0.wp.com\/freetours.ro\/wp-content\/uploads\/2025\/09\/alba2.jpg?fit=2560%2C1707&#038;ssl=1\" alt=\"alba2\" class=\"premium-adv-carousel__item-img\">\n\t\t\t\t\t\t\t\t\t\t\t\t<\/div>\n\n\t\t\t\t\t\n\t\t\t\t\t\t\t\t\t<\/div>\n\t\t\t<\/div>\n\t\t\t\t\t\t<div class=\"premium-adv-carousel__item-outer-wrapper\">\n\t\t\t\t<div class=\"elementor-repeater-item-3c78757 premium-adv-carousel__item premium-adv-carousel__item-image\">\n\t\t\t\t\t<div class=\"premium-adv-carousel__media-wrap\">\n\t\t\t\t\t\t\t\t\t\t\t\t\t\t<img decoding=\"async\" src=\"https:\/\/i0.wp.com\/freetours.ro\/wp-content\/uploads\/2025\/09\/Arad-2.jpg?fit=1440%2C960&#038;ssl=1\" alt=\"Arad-2\" class=\"premium-adv-carousel__item-img\">\n\t\t\t\t\t\t\t\t\t\t\t\t<\/div>\n\n\t\t\t\t\t\n\t\t\t\t\t\t\t\t\t<\/div>\n\t\t\t<\/div>\n\t\t\t\t\t\t<div class=\"premium-adv-carousel__item-outer-wrapper\">\n\t\t\t\t<div class=\"elementor-repeater-item-03072cb premium-adv-carousel__item premium-adv-carousel__item-image\">\n\t\t\t\t\t<div class=\"premium-adv-carousel__media-wrap\">\n\t\t\t\t\t\t\t\t\t\t\t\t\t\t<img decoding=\"async\" src=\"https:\/\/i0.wp.com\/freetours.ro\/wp-content\/uploads\/2025\/09\/Timisoara-4.jpg?fit=1440%2C960&#038;ssl=1\" alt=\"Timisoara-4\" class=\"premium-adv-carousel__item-img\">\n\t\t\t\t\t\t\t\t\t\t\t\t<\/div>\n\n\t\t\t\t\t\n\t\t\t\t\t\t\t\t\t<\/div>\n\t\t\t<\/div>\n\t\t\t\t\t\t\t<\/div>\n\t\t\t<\/div>\n\t\t<\/div>\n\t\t\t\t\t\t<\/div>\n\t\t\t\t<div class=\"elementor-element elementor-element-74967af premium-header-inline premium-lq__none premium-box-lq__none elementor-invisible elementor-widget elementor-widget-premium-addon-dual-header\" data-id=\"74967af\" data-element_type=\"widget\" data-e-type=\"widget\" data-settings=\"{&quot;_animation&quot;:&quot;fadeIn&quot;}\" data-widget_type=\"premium-addon-dual-header.default\">\n\t\t\t\t\t\n\t\t<div class=\"elementor-widget-container\">\n\t\t<div class=\"premium-dual-header-wrapper\">\n\t\t\t\t\t<h2 class=\"premium-dual-header-first-header\"><span class=\"premium-dual-header-first-span\">CITIES <\/span><\/h2> \t\t\t\t\t\t<\/div>\n\t\t<\/div>\n\n\t\t\t\t\t\t<\/div>\n\t\t\t\t<div class=\"elementor-element elementor-element-c311f47 elementor-invisible elementor-widget elementor-widget-text-editor\" data-id=\"c311f47\" data-element_type=\"widget\" data-e-type=\"widget\" data-settings=\"{&quot;_animation&quot;:&quot;fadeInDown&quot;}\" data-widget_type=\"text-editor.default\">\n\t\t\t\t\t\t\t\t\t<p>The free tours concept was implemented in Romania in the early 2010s, in the main tourist poles of the country. The first cities with such projects were, as expected, Bucharest and Bra\u0219ov. Cluj-Napoca followed, and in 2013, at the initiative of some young people passionate about history and their city, the Arad Free Tours project was launched.<\/p>\t\t\t\t\t\t\t\t<\/div>\n\t\t\t\t<div class=\"elementor-element elementor-element-6cb4c1b elementor-invisible elementor-widget elementor-widget-text-editor\" data-id=\"6cb4c1b\" data-element_type=\"widget\" data-e-type=\"widget\" data-settings=\"{&quot;_animation&quot;:&quot;fadeInLeft&quot;}\" data-widget_type=\"text-editor.default\">\n\t\t\t\t\t\t\t\t\t<p>The first step towards expansion for the Arad Free Tours \u2013 reunited a year later in the Alternative Tourism Association team \u2013 came naturally: implementing the same concept in Timisoara. After a few years of operation in the two cities, the team was joined by a young but experienced guide from Alba Iulia, thus laying the foundations for a network of free tour projects under the umbrella of the association.<\/p>\t\t\t\t\t\t\t\t<\/div>\n\t\t\t\t<div class=\"elementor-element elementor-element-1d851a4 elementor-invisible elementor-widget elementor-widget-text-editor\" data-id=\"1d851a4\" data-element_type=\"widget\" data-e-type=\"widget\" data-settings=\"{&quot;_animation&quot;:&quot;fadeInRight&quot;}\" data-widget_type=\"text-editor.default\">\n\t\t\t\t\t\t\t\t\t<p>This led to the creation of the FreeTours.ro platform, which aims to be a national hub that brings together local initiatives and facilitates the replication of projects from the three cities in new ones. We want to reach a portfolio of 8 cities in the coming years \u2013 two of which are already in preparation. For logistical reasons, in the first phase we will focus mainly on the cities in Transylvania. In the long term, our goal is to have identical projects in at least 15 cities.<\/p>\t\t\t\t\t\t\t\t<\/div>\n\t\t\t\t<div class=\"elementor-element elementor-element-cc34b15 elementor-invisible elementor-widget elementor-widget-text-editor\" data-id=\"cc34b15\" data-element_type=\"widget\" data-e-type=\"widget\" data-settings=\"{&quot;_animation&quot;:&quot;fadeInUp&quot;}\" data-widget_type=\"text-editor.default\">\n\t\t\t\t\t\t\t\t\t<p>In addition to the three cities in which we already operate, we are working on network expansion projects in Oradea and Cluj-Napoca, which we plan to launch in 2026. Until then, however, you can find us in the following cities:<\/p>\t\t\t\t\t\t\t\t<\/div>\n\t\t<div class=\"elementor-element elementor-element-334d05b e-grid e-con-full wpr-particle-no wpr-jarallax-no wpr-parallax-no wpr-sticky-section-no wpr-column-slider-no wpr-equal-height-no e-con e-child\" data-id=\"334d05b\" data-element_type=\"container\" data-e-type=\"container\">\n\t\t\t\t<div class=\"elementor-element elementor-element-d10e213 elementor-widget elementor-widget-image\" data-id=\"d10e213\" data-element_type=\"widget\" data-e-type=\"widget\" data-widget_type=\"image.default\">\n\t\t\t\t\t\t\t\t\t\t\t\t\t\t\t\t<a href=\"https:\/\/aradfreetours.com\" target=\"_blank\">\n\t\t\t\t\t\t\t<img fetchpriority=\"high\" decoding=\"async\" width=\"665\" height=\"370\" src=\"https:\/\/i0.wp.com\/freetours.ro\/wp-content\/uploads\/2025\/09\/AFT-orase.jpg?fit=665%2C370&amp;ssl=1\" class=\"attachment-large size-large wp-image-355\" alt=\"\" srcset=\"https:\/\/i0.wp.com\/freetours.ro\/wp-content\/uploads\/2025\/09\/AFT-orase.jpg?w=665&amp;ssl=1 665w, https:\/\/i0.wp.com\/freetours.ro\/wp-content\/uploads\/2025\/09\/AFT-orase.jpg?resize=300%2C167&amp;ssl=1 300w\" sizes=\"(max-width: 665px) 100vw, 665px\" \/>\t\t\t\t\t\t\t\t<\/a>\n\t\t\t\t\t\t\t\t\t\t\t\t\t\t\t<\/div>\n\t\t\t\t<div class=\"elementor-element elementor-element-b1cfd14 elementor-widget elementor-widget-image\" data-id=\"b1cfd14\" data-element_type=\"widget\" data-e-type=\"widget\" data-widget_type=\"image.default\">\n\t\t\t\t\t\t\t\t\t\t\t\t\t\t\t\t<a href=\"https:\/\/albafreetours.com\" target=\"_blank\">\n\t\t\t\t\t\t\t<img decoding=\"async\" width=\"665\" height=\"370\" src=\"https:\/\/i0.wp.com\/freetours.ro\/wp-content\/uploads\/2025\/09\/ABFT-orase.jpg?fit=665%2C370&amp;ssl=1\" class=\"attachment-large size-large wp-image-391\" alt=\"\" srcset=\"https:\/\/i0.wp.com\/freetours.ro\/wp-content\/uploads\/2025\/09\/ABFT-orase.jpg?w=665&amp;ssl=1 665w, https:\/\/i0.wp.com\/freetours.ro\/wp-content\/uploads\/2025\/09\/ABFT-orase.jpg?resize=300%2C167&amp;ssl=1 300w\" sizes=\"(max-width: 665px) 100vw, 665px\" \/>\t\t\t\t\t\t\t\t<\/a>\n\t\t\t\t\t\t\t\t\t\t\t\t\t\t\t<\/div>\n\t\t\t\t<div class=\"elementor-element elementor-element-ef0f3c1 elementor-widget elementor-widget-image\" data-id=\"ef0f3c1\" data-element_type=\"widget\" data-e-type=\"widget\" data-widget_type=\"image.default\">\n\t\t\t\t\t\t\t\t\t\t\t\t\t\t\t\t<a href=\"https:\/\/timisoarafreetours.com\" target=\"_blank\">\n\t\t\t\t\t\t\t<img decoding=\"async\" width=\"665\" height=\"370\" src=\"https:\/\/i0.wp.com\/freetours.ro\/wp-content\/uploads\/2025\/09\/TFT-orase.jpg?fit=665%2C370&amp;ssl=1\" class=\"attachment-large size-large wp-image-375\" alt=\"\" srcset=\"https:\/\/i0.wp.com\/freetours.ro\/wp-content\/uploads\/2025\/09\/TFT-orase.jpg?w=665&amp;ssl=1 665w, https:\/\/i0.wp.com\/freetours.ro\/wp-content\/uploads\/2025\/09\/TFT-orase.jpg?resize=300%2C167&amp;ssl=1 300w\" sizes=\"(max-width: 665px) 100vw, 665px\" \/>\t\t\t\t\t\t\t\t<\/a>\n\t\t\t\t\t\t\t\t\t\t\t\t\t\t\t<\/div>\n\t\t\t\t<\/div>\n\t\t\t\t\t<\/div>\n\t\t\t\t<\/div>\n\t\t\t\t<\/div>","protected":false},"excerpt":{"rendered":"<p>ORA\u0218E Conceptul de free tours a fost implementat \u00een Rom\u00e2nia la \u00eenceputul anilor 2010, \u00een principalele poluri turistice ale \u021b\u0103rii. Primele ora\u0219e cu astfel de proiecte au fost, a\u0219a cum era de a\u0219teptat, Bucure\u0219ti \u0219i Bra\u0219ov. A urmat Cluj-Napoca, iar \u00een 2013, la ini\u021biativa unor tineri pasiona\u021bi de istorie \u0219i de ora\u0219ul lor, a fost lansat proiectul Arad Free Tours. Primul pas spre extindere al celor de la Arad Free Tours \u2013 reuni\u021bi un an mai t\u00e2rziu \u00een echipa Asocia\u021biei Turism Alternativ \u2013 a venit natural: implementarea aceluia\u0219i concept \u0219i \u00een Timi\u0219oara. Dup\u0103 c\u00e2\u021biva ani de func\u021bionare \u00een cele dou\u0103 ora\u0219e, echipei i s-a al\u0103turat un ghid t\u00e2n\u0103r, dar cu experien\u021b\u0103, din Alba Iulia, astfel c\u0103 s-au pus bazele unei re\u021bele de proiecte de free tours aflate sub umbrela asocia\u021biei. Asta a dus la crearea platformei FreeTours.ro, care se dore\u0219te a fi un hub na\u021bional care s\u0103 reuneasc\u0103 ini\u021biative locale \u0219i s\u0103 faciliteze replicarea proiectelor din cele trei ora\u0219e \u00een altele noi. Ne dorim ca \u00een urm\u0103torii ani s\u0103 ajungem la un portofoliu de 8 ora\u0219e \u2013 dou\u0103 fiind deja \u00een preg\u0103tire. Din motive logistice, \u00een prim\u0103 faz\u0103 ne vom focusa \u00een special pe ora\u0219ele din Transilvania. Pe termen lung, scopul nostru este s\u0103 avem proiecte identice \u00een cel pu\u021bin 15 ora\u0219e. Pe l\u00e2ng\u0103 cele trei ora\u0219e \u00een care deja activ\u0103m, avem \u00een lucru proiectele de extindere a re\u021belei la Oradea \u0219i la Cluj-Napoca, pe care ne propunem s\u0103 le lans\u0103m \u00een 2026. P\u00e2n\u0103 atunci, \u00eens\u0103, ne g\u0103se\u0219ti \u00een urm\u0103toarele ora\u0219e:<\/p>","protected":false},"author":1,"featured_media":0,"parent":0,"menu_order":0,"comment_status":"closed","ping_status":"closed","template":"elementor_header_footer","meta":{"nf_dc_page":"","om_disable_all_campaigns":false,"_monsterinsights_skip_tracking":false,"_monsterinsights_sitenote_active":false,"_monsterinsights_sitenote_note":"","_monsterinsights_sitenote_category":0,"postBodyCss":"","postBodyMargin":[],"postBodyPadding":[],"postBodyBackground":{"backgroundType":"classic","gradient":""},"footnotes":""},"class_list":["post-183","page","type-page","status-publish","hentry"],"yoast_head":"<!-- This site is optimized with the Yoast SEO plugin v27.6 - https:\/\/yoast.com\/product\/yoast-seo-wordpress\/ -->\n<title>Ora\u0219e - FreeTours.ro<\/title>\n<meta name=\"robots\" content=\"index, follow, max-snippet:-1, max-image-preview:large, max-video-preview:-1\" \/>\n<link rel=\"canonical\" href=\"https:\/\/freetours.ro\/en\/orase\/\" \/>\n<meta property=\"og:locale\" content=\"en_GB\" \/>\n<meta property=\"og:type\" content=\"article\" \/>\n<meta property=\"og:title\" content=\"Ora\u0219e - FreeTours.ro\" \/>\n<meta property=\"og:description\" content=\"ORA\u0218E Conceptul de free tours a fost implementat \u00een Rom\u00e2nia la \u00eenceputul anilor 2010, \u00een principalele poluri turistice ale \u021b\u0103rii. Primele ora\u0219e cu astfel de proiecte au fost, a\u0219a cum era de a\u0219teptat, Bucure\u0219ti \u0219i Bra\u0219ov. A urmat Cluj-Napoca, iar \u00een 2013, la ini\u021biativa unor tineri pasiona\u021bi de istorie \u0219i de ora\u0219ul lor, a fost lansat proiectul Arad Free Tours. Primul pas spre extindere al celor de la Arad Free Tours \u2013 reuni\u021bi un an mai t\u00e2rziu \u00een echipa Asocia\u021biei Turism Alternativ \u2013 a venit natural: implementarea aceluia\u0219i concept \u0219i \u00een Timi\u0219oara. Dup\u0103 c\u00e2\u021biva ani de func\u021bionare \u00een cele dou\u0103 ora\u0219e, echipei i s-a al\u0103turat un ghid t\u00e2n\u0103r, dar cu experien\u021b\u0103, din Alba Iulia, astfel c\u0103 s-au pus bazele unei re\u021bele de proiecte de free tours aflate sub umbrela asocia\u021biei. Asta a dus la crearea platformei FreeTours.ro, care se dore\u0219te a fi un hub na\u021bional care s\u0103 reuneasc\u0103 ini\u021biative locale \u0219i s\u0103 faciliteze replicarea proiectelor din cele trei ora\u0219e \u00een altele noi. Ne dorim ca \u00een urm\u0103torii ani s\u0103 ajungem la un portofoliu de 8 ora\u0219e \u2013 dou\u0103 fiind deja \u00een preg\u0103tire. Din motive logistice, \u00een prim\u0103 faz\u0103 ne vom focusa \u00een special pe ora\u0219ele din Transilvania. Pe termen lung, scopul nostru este s\u0103 avem proiecte identice \u00een cel pu\u021bin 15 ora\u0219e. Pe l\u00e2ng\u0103 cele trei ora\u0219e \u00een care deja activ\u0103m, avem \u00een lucru proiectele de extindere a re\u021belei la Oradea \u0219i la Cluj-Napoca, pe care ne propunem s\u0103 le lans\u0103m \u00een 2026. P\u00e2n\u0103 atunci, \u00eens\u0103, ne g\u0103se\u0219ti \u00een urm\u0103toarele ora\u0219e:\" \/>\n<meta property=\"og:url\" content=\"https:\/\/freetours.ro\/en\/orase\/\" \/>\n<meta property=\"og:site_name\" content=\"FreeTours.ro\" \/>\n<meta property=\"article:modified_time\" content=\"2025-09-10T22:21:02+00:00\" \/>\n<meta property=\"og:image\" content=\"https:\/\/freetours.ro\/wp-content\/uploads\/2025\/09\/Arad-6.jpg\" \/>\n<meta name=\"twitter:card\" content=\"summary_large_image\" \/>\n<meta name=\"twitter:label1\" content=\"Estimated reading time\" \/>\n\t<meta name=\"twitter:data1\" content=\"1 minute\" \/>\n<script type=\"application\/ld+json\" class=\"yoast-schema-graph\">{\"@context\":\"https:\\\/\\\/schema.org\",\"@graph\":[{\"@type\":\"WebPage\",\"@id\":\"https:\\\/\\\/freetours.ro\\\/orase\\\/\",\"url\":\"https:\\\/\\\/freetours.ro\\\/orase\\\/\",\"name\":\"Ora\u0219e - FreeTours.ro\",\"isPartOf\":{\"@id\":\"https:\\\/\\\/freetours.ro\\\/#website\"},\"primaryImageOfPage\":{\"@id\":\"https:\\\/\\\/freetours.ro\\\/orase\\\/#primaryimage\"},\"image\":{\"@id\":\"https:\\\/\\\/freetours.ro\\\/orase\\\/#primaryimage\"},\"thumbnailUrl\":\"https:\\\/\\\/freetours.ro\\\/wp-content\\\/uploads\\\/2025\\\/09\\\/Arad-6.jpg\",\"datePublished\":\"2025-09-09T18:46:08+00:00\",\"dateModified\":\"2025-09-10T22:21:02+00:00\",\"breadcrumb\":{\"@id\":\"https:\\\/\\\/freetours.ro\\\/orase\\\/#breadcrumb\"},\"inLanguage\":\"en-GB\",\"potentialAction\":[{\"@type\":\"ReadAction\",\"target\":[\"https:\\\/\\\/freetours.ro\\\/orase\\\/\"]}]},{\"@type\":\"ImageObject\",\"inLanguage\":\"en-GB\",\"@id\":\"https:\\\/\\\/freetours.ro\\\/orase\\\/#primaryimage\",\"url\":\"https:\\\/\\\/freetours.ro\\\/wp-content\\\/uploads\\\/2025\\\/09\\\/Arad-6.jpg\",\"contentUrl\":\"https:\\\/\\\/freetours.ro\\\/wp-content\\\/uploads\\\/2025\\\/09\\\/Arad-6.jpg\"},{\"@type\":\"BreadcrumbList\",\"@id\":\"https:\\\/\\\/freetours.ro\\\/orase\\\/#breadcrumb\",\"itemListElement\":[{\"@type\":\"ListItem\",\"position\":1,\"name\":\"Home\",\"item\":\"https:\\\/\\\/freetours.ro\\\/\"},{\"@type\":\"ListItem\",\"position\":2,\"name\":\"Ora\u0219e\"}]},{\"@type\":\"WebSite\",\"@id\":\"https:\\\/\\\/freetours.ro\\\/#website\",\"url\":\"https:\\\/\\\/freetours.ro\\\/\",\"name\":\"FreeTours.ro\",\"description\":\"Alternative tourism with local guides\",\"publisher\":{\"@id\":\"https:\\\/\\\/freetours.ro\\\/#organization\"},\"potentialAction\":[{\"@type\":\"SearchAction\",\"target\":{\"@type\":\"EntryPoint\",\"urlTemplate\":\"https:\\\/\\\/freetours.ro\\\/?s={search_term_string}\"},\"query-input\":{\"@type\":\"PropertyValueSpecification\",\"valueRequired\":true,\"valueName\":\"search_term_string\"}}],\"inLanguage\":\"en-GB\"},{\"@type\":\"Organization\",\"@id\":\"https:\\\/\\\/freetours.ro\\\/#organization\",\"name\":\"FreeTours.ro\",\"url\":\"https:\\\/\\\/freetours.ro\\\/\",\"logo\":{\"@type\":\"ImageObject\",\"inLanguage\":\"en-GB\",\"@id\":\"https:\\\/\\\/freetours.ro\\\/#\\\/schema\\\/logo\\\/image\\\/\",\"url\":\"https:\\\/\\\/i0.wp.com\\\/freetours.ro\\\/wp-content\\\/uploads\\\/2025\\\/09\\\/Logo-albastru-scaled.jpg?fit=2560%2C1810&ssl=1\",\"contentUrl\":\"https:\\\/\\\/i0.wp.com\\\/freetours.ro\\\/wp-content\\\/uploads\\\/2025\\\/09\\\/Logo-albastru-scaled.jpg?fit=2560%2C1810&ssl=1\",\"width\":2560,\"height\":1810,\"caption\":\"FreeTours.ro\"},\"image\":{\"@id\":\"https:\\\/\\\/freetours.ro\\\/#\\\/schema\\\/logo\\\/image\\\/\"}}]}<\/script>\n<!-- \/ Yoast SEO plugin. -->","yoast_head_json":{"title":"Ora\u0219e - FreeTours.ro","robots":{"index":"index","follow":"follow","max-snippet":"max-snippet:-1","max-image-preview":"max-image-preview:large","max-video-preview":"max-video-preview:-1"},"canonical":"https:\/\/freetours.ro\/en\/orase\/","og_locale":"en_GB","og_type":"article","og_title":"Ora\u0219e - FreeTours.ro","og_description":"ORA\u0218E Conceptul de free tours a fost implementat \u00een Rom\u00e2nia la \u00eenceputul anilor 2010, \u00een principalele poluri turistice ale \u021b\u0103rii. Primele ora\u0219e cu astfel de proiecte au fost, a\u0219a cum era de a\u0219teptat, Bucure\u0219ti \u0219i Bra\u0219ov. A urmat Cluj-Napoca, iar \u00een 2013, la ini\u021biativa unor tineri pasiona\u021bi de istorie \u0219i de ora\u0219ul lor, a fost lansat proiectul Arad Free Tours. Primul pas spre extindere al celor de la Arad Free Tours \u2013 reuni\u021bi un an mai t\u00e2rziu \u00een echipa Asocia\u021biei Turism Alternativ \u2013 a venit natural: implementarea aceluia\u0219i concept \u0219i \u00een Timi\u0219oara. Dup\u0103 c\u00e2\u021biva ani de func\u021bionare \u00een cele dou\u0103 ora\u0219e, echipei i s-a al\u0103turat un ghid t\u00e2n\u0103r, dar cu experien\u021b\u0103, din Alba Iulia, astfel c\u0103 s-au pus bazele unei re\u021bele de proiecte de free tours aflate sub umbrela asocia\u021biei. Asta a dus la crearea platformei FreeTours.ro, care se dore\u0219te a fi un hub na\u021bional care s\u0103 reuneasc\u0103 ini\u021biative locale \u0219i s\u0103 faciliteze replicarea proiectelor din cele trei ora\u0219e \u00een altele noi. Ne dorim ca \u00een urm\u0103torii ani s\u0103 ajungem la un portofoliu de 8 ora\u0219e \u2013 dou\u0103 fiind deja \u00een preg\u0103tire. Din motive logistice, \u00een prim\u0103 faz\u0103 ne vom focusa \u00een special pe ora\u0219ele din Transilvania. Pe termen lung, scopul nostru este s\u0103 avem proiecte identice \u00een cel pu\u021bin 15 ora\u0219e. Pe l\u00e2ng\u0103 cele trei ora\u0219e \u00een care deja activ\u0103m, avem \u00een lucru proiectele de extindere a re\u021belei la Oradea \u0219i la Cluj-Napoca, pe care ne propunem s\u0103 le lans\u0103m \u00een 2026. P\u00e2n\u0103 atunci, \u00eens\u0103, ne g\u0103se\u0219ti \u00een urm\u0103toarele ora\u0219e:","og_url":"https:\/\/freetours.ro\/en\/orase\/","og_site_name":"FreeTours.ro","article_modified_time":"2025-09-10T22:21:02+00:00","og_image":[{"url":"https:\/\/freetours.ro\/wp-content\/uploads\/2025\/09\/Arad-6.jpg","type":"","width":"","height":""}],"twitter_card":"summary_large_image","twitter_misc":{"Estimated reading time":"1 minute"},"schema":{"@context":"https:\/\/schema.org","@graph":[{"@type":"WebPage","@id":"https:\/\/freetours.ro\/orase\/","url":"https:\/\/freetours.ro\/orase\/","name":"Ora\u0219e - FreeTours.ro","isPartOf":{"@id":"https:\/\/freetours.ro\/#website"},"primaryImageOfPage":{"@id":"https:\/\/freetours.ro\/orase\/#primaryimage"},"image":{"@id":"https:\/\/freetours.ro\/orase\/#primaryimage"},"thumbnailUrl":"https:\/\/freetours.ro\/wp-content\/uploads\/2025\/09\/Arad-6.jpg","datePublished":"2025-09-09T18:46:08+00:00","dateModified":"2025-09-10T22:21:02+00:00","breadcrumb":{"@id":"https:\/\/freetours.ro\/orase\/#breadcrumb"},"inLanguage":"en-GB","potentialAction":[{"@type":"ReadAction","target":["https:\/\/freetours.ro\/orase\/"]}]},{"@type":"ImageObject","inLanguage":"en-GB","@id":"https:\/\/freetours.ro\/orase\/#primaryimage","url":"https:\/\/freetours.ro\/wp-content\/uploads\/2025\/09\/Arad-6.jpg","contentUrl":"https:\/\/freetours.ro\/wp-content\/uploads\/2025\/09\/Arad-6.jpg"},{"@type":"BreadcrumbList","@id":"https:\/\/freetours.ro\/orase\/#breadcrumb","itemListElement":[{"@type":"ListItem","position":1,"name":"Home","item":"https:\/\/freetours.ro\/"},{"@type":"ListItem","position":2,"name":"Ora\u0219e"}]},{"@type":"WebSite","@id":"https:\/\/freetours.ro\/#website","url":"https:\/\/freetours.ro\/","name":"FreeTours.ro","description":"Alternative tourism with local guides","publisher":{"@id":"https:\/\/freetours.ro\/#organization"},"potentialAction":[{"@type":"SearchAction","target":{"@type":"EntryPoint","urlTemplate":"https:\/\/freetours.ro\/?s={search_term_string}"},"query-input":{"@type":"PropertyValueSpecification","valueRequired":true,"valueName":"search_term_string"}}],"inLanguage":"en-GB"},{"@type":"Organization","@id":"https:\/\/freetours.ro\/#organization","name":"FreeTours.ro","url":"https:\/\/freetours.ro\/","logo":{"@type":"ImageObject","inLanguage":"en-GB","@id":"https:\/\/freetours.ro\/#\/schema\/logo\/image\/","url":"https:\/\/i0.wp.com\/freetours.ro\/wp-content\/uploads\/2025\/09\/Logo-albastru-scaled.jpg?fit=2560%2C1810&ssl=1","contentUrl":"https:\/\/i0.wp.com\/freetours.ro\/wp-content\/uploads\/2025\/09\/Logo-albastru-scaled.jpg?fit=2560%2C1810&ssl=1","width":2560,"height":1810,"caption":"FreeTours.ro"},"image":{"@id":"https:\/\/freetours.ro\/#\/schema\/logo\/image\/"}}]}},"jetpack_sharing_enabled":true,"_links":{"self":[{"href":"https:\/\/freetours.ro\/en\/wp-json\/wp\/v2\/pages\/183","targetHints":{"allow":["GET"]}}],"collection":[{"href":"https:\/\/freetours.ro\/en\/wp-json\/wp\/v2\/pages"}],"about":[{"href":"https:\/\/freetours.ro\/en\/wp-json\/wp\/v2\/types\/page"}],"author":[{"embeddable":true,"href":"https:\/\/freetours.ro\/en\/wp-json\/wp\/v2\/users\/1"}],"replies":[{"embeddable":true,"href":"https:\/\/freetours.ro\/en\/wp-json\/wp\/v2\/comments?post=183"}],"version-history":[{"count":4,"href":"https:\/\/freetours.ro\/en\/wp-json\/wp\/v2\/pages\/183\/revisions"}],"predecessor-version":[{"id":431,"href":"https:\/\/freetours.ro\/en\/wp-json\/wp\/v2\/pages\/183\/revisions\/431"}],"wp:attachment":[{"href":"https:\/\/freetours.ro\/en\/wp-json\/wp\/v2\/media?parent=183"}],"curies":[{"name":"wp","href":"https:\/\/api.w.org\/{rel}","templated":true}]}}